{"id":4589,"date":"2022-11-29T14:58:06","date_gmt":"2022-11-29T13:58:06","guid":{"rendered":"https:\/\/zone14.ai\/?page_id=4589"},"modified":"2026-04-14T14:53:48","modified_gmt":"2026-04-14T12:53:48","slug":"buy","status":"publish","type":"page","link":"https:\/\/zone14.ai\/en\/kaufen\/","title":{"rendered":"Fu\u00dfball Video Analyse kaufen"},"content":{"rendered":"\t\t<div data-elementor-type=\"wp-page\" data-elementor-id=\"4589\" class=\"elementor elementor-4589\" data-elementor-post-type=\"page\">\n\t\t\t\t\t\t<section class=\"elementor-section elementor-top-section elementor-element elementor-element-39e458a1 elementor-section-full_width elementor-section-content-middle elementor-section-height-default elementor-section-height-default\" data-id=\"39e458a1\" data-element_type=\"section\" data-settings=\"{&quot;background_background&quot;:&quot;classic&quot;}\">\n\t\t\t\t\t\t\t<div class=\"elementor-background-overlay\"><\/div>\n\t\t\t\t\t\t\t<div class=\"elementor-container elementor-column-gap-default\">\n\t\t\t\t\t<div class=\"elementor-column elementor-col-50 elementor-top-column elementor-element elementor-element-27c01840\" data-id=\"27c01840\" data-element_type=\"column\">\n\t\t\t<div class=\"elementor-widget-wrap elementor-element-populated\">\n\t\t\t\t\t\t<div class=\"elementor-element elementor-element-1f4891b4 elementor-invisible elementor-widget elementor-widget-heading\" data-id=\"1f4891b4\" data-element_type=\"widget\" data-settings=\"{&quot;_animation&quot;:&quot;fadeIn&quot;}\" data-widget_type=\"heading.default\">\n\t\t\t\t<div class=\"elementor-widget-container\">\n\t\t\t\t\t<h2 class=\"elementor-heading-title elementor-size-default\">Dein individuelles Angebot wartet<\/h2>\t\t\t\t<\/div>\n\t\t\t\t<\/div>\n\t\t\t\t<div class=\"elementor-element elementor-element-27f4292 elementor-widget elementor-widget-heading\" data-id=\"27f4292\" data-element_type=\"widget\" data-widget_type=\"heading.default\">\n\t\t\t\t<div class=\"elementor-widget-container\">\n\t\t\t\t\t<h2 class=\"elementor-heading-title elementor-size-medium\">Hinterlasse uns Deine Kontaktdaten. Wir setzen uns mit Dir in Verbindung und erstellen ein ma\u00dfgeschneidertes Angebot f\u00fcr Deinen Verein.<\/h2>\t\t\t\t<\/div>\n\t\t\t\t<\/div>\n\t\t\t\t\t<\/div>\n\t\t<\/div>\n\t\t\t\t<div class=\"elementor-column elementor-col-50 elementor-top-column elementor-element elementor-element-19e97faf\" data-id=\"19e97faf\" data-element_type=\"column\">\n\t\t\t<div class=\"elementor-widget-wrap elementor-element-populated\">\n\t\t\t\t\t\t<div class=\"elementor-element elementor-element-c5d5393 box_shadow elementor-testimonial--align-left elementor-widget__width-initial elementor-testimonial--skin-default elementor-testimonial--layout-image_inline elementor-pagination-type-bullets elementor-widget elementor-widget-testimonial-carousel\" data-id=\"c5d5393\" data-element_type=\"widget\" data-settings=\"{&quot;space_between&quot;:{&quot;unit&quot;:&quot;px&quot;,&quot;size&quot;:7,&quot;sizes&quot;:[]},&quot;pagination&quot;:&quot;bullets&quot;,&quot;speed&quot;:500,&quot;autoplay&quot;:&quot;yes&quot;,&quot;autoplay_speed&quot;:5000,&quot;loop&quot;:&quot;yes&quot;,&quot;pause_on_hover&quot;:&quot;yes&quot;,&quot;pause_on_interaction&quot;:&quot;yes&quot;,&quot;space_between_tablet&quot;:{&quot;unit&quot;:&quot;px&quot;,&quot;size&quot;:10,&quot;sizes&quot;:[]},&quot;space_between_mobile&quot;:{&quot;unit&quot;:&quot;px&quot;,&quot;size&quot;:10,&quot;sizes&quot;:[]}}\" data-widget_type=\"testimonial-carousel.default\">\n\t\t\t\t<div class=\"elementor-widget-container\">\n\t\t\t\t\t\t\t\t\t<div class=\"elementor-swiper\">\n\t\t\t\t\t<div class=\"elementor-main-swiper swiper\" role=\"region\" aria-roledescription=\"carousel\" aria-label=\"Slides\">\n\t\t\t\t<div class=\"swiper-wrapper\">\n\t\t\t\t\t\t\t\t\t\t\t<div class=\"swiper-slide\" role=\"group\" aria-roledescription=\"slide\">\n\t\t\t\t\t\t\t\t\t<div class=\"elementor-testimonial\">\n\t\t\t\t\t\t\t<div class=\"elementor-testimonial__content\">\n\t\t\t\t\t<div class=\"elementor-testimonial__text\">\n\t\t\t\t\t\tEs freut mich sehr, dass zone14 unsere Trainingspl\u00e4tze in H\u00fctteldorf und im zweiten Wiener Gemeindebezirk mit innovativen Kamerasystemen ausstattet. Das ist ein wichtiger Schritt und hilft uns, <b>unsere Videoanalyse noch effizienter zu gestalten.<\/b>\t\t\t\t\t<\/div>\n\t\t\t\t\t\t\t\t\t<\/div>\n\t\t\t\t\t\t<div class=\"elementor-testimonial__footer\">\n\t\t\t\t\t\t\t\t\t<div class=\"elementor-testimonial__image\">\n\t\t\t\t\t\t<img decoding=\"async\" src=\"https:\/\/zone14.ai\/wp-content\/uploads\/2024\/10\/asset-dacfc54b4ca0ee012a1f.jpg\" alt=\"Steffen Hoffmann - Gesch\u00e4ftsf\u00fchrer bei SK Rapid\">\n\t\t\t\t\t\t\t\t\t\t\t<\/div>\n\t\t\t\t\t\t\t\t<cite class=\"elementor-testimonial__cite\"><span class=\"elementor-testimonial__name\">Steffen Hofmann<\/span><span class=\"elementor-testimonial__title\">SK Rapid - Gesch\u00e4ftsf\u00fchrer<\/span><\/cite>\t\t\t<\/div>\n\t\t<\/div>\n\t\t\t\t\t\t\t\t<\/div>\n\t\t\t\t\t\t\t\t\t\t\t<div class=\"swiper-slide\" role=\"group\" aria-roledescription=\"slide\">\n\t\t\t\t\t\t\t\t\t<div class=\"elementor-testimonial\">\n\t\t\t\t\t\t\t<div class=\"elementor-testimonial__content\">\n\t\t\t\t\t<div class=\"elementor-testimonial__text\">\n\t\t\t\t\t\t Mittlerweile wird im Amateurbereich immer professioneller gearbeitet. Die Einheiten haben sich auf bis zu 4 pro Woche erh\u00f6ht. Dank zone14 haben wir nun ein Tool, mit dem wir <b>in wenigen Minuten die wichtigsten Szenen analysieren <\/b> und die n\u00f6tigen Schl\u00fcsse daraus ziehen k\u00f6nnen. \t\t\t\t\t<\/div>\n\t\t\t\t\t\t\t\t\t<\/div>\n\t\t\t\t\t\t<div class=\"elementor-testimonial__footer\">\n\t\t\t\t\t\t\t\t\t<div class=\"elementor-testimonial__image\">\n\t\t\t\t\t\t<img decoding=\"async\" src=\"https:\/\/zone14.ai\/wp-content\/uploads\/2021\/09\/thomas_gstoettenmayr.jpg\" alt=\"Thomas Gst\u00f6ttenmayr\">\n\t\t\t\t\t\t\t\t\t\t\t<\/div>\n\t\t\t\t\t\t\t\t<cite class=\"elementor-testimonial__cite\"><span class=\"elementor-testimonial__name\">Thomas Gst\u00f6ttenmayr<\/span><span class=\"elementor-testimonial__title\">TSU Hafnerbach <\/span><\/cite>\t\t\t<\/div>\n\t\t<\/div>\n\t\t\t\t\t\t\t\t<\/div>\n\t\t\t\t\t\t\t\t\t\t\t<div class=\"swiper-slide\" role=\"group\" aria-roledescription=\"slide\">\n\t\t\t\t\t\t\t\t\t<div class=\"elementor-testimonial\">\n\t\t\t\t\t\t\t<div class=\"elementor-testimonial__content\">\n\t\t\t\t\t<div class=\"elementor-testimonial__text\">\n\t\t\t\t\t\tzone14 ist f\u00fcr uns eine wichtige Investition in die Zukunft, da das dynamische Team <b>genau auf unsere Vorstellungen eingeht<\/b> und uns bisher unbekannte Insights liefert. Dank maschinellem Lernen und umfassendem Know-how in der Automatisierung und Datenaufbereitung wird die Arbeit der Analysten und Sportwissenschaftler immer einfacher. \t\t\t\t\t<\/div>\n\t\t\t\t\t\t\t\t\t<\/div>\n\t\t\t\t\t\t<div class=\"elementor-testimonial__footer\">\n\t\t\t\t\t\t\t\t\t<div class=\"elementor-testimonial__image\">\n\t\t\t\t\t\t<img decoding=\"async\" src=\"https:\/\/zone14.ai\/wp-content\/uploads\/2021\/09\/christian_puchinger.jpg\" alt=\"Christian Puchinger\">\n\t\t\t\t\t\t\t\t\t\t\t<\/div>\n\t\t\t\t\t\t\t\t<cite class=\"elementor-testimonial__cite\"><span class=\"elementor-testimonial__name\">Christian Puchinger<\/span><span class=\"elementor-testimonial__title\">FK Austria Wien - Head of Sports Science<\/span><\/cite>\t\t\t<\/div>\n\t\t<\/div>\n\t\t\t\t\t\t\t\t<\/div>\n\t\t\t\t\t\t\t\t\t\t\t<div class=\"swiper-slide\" role=\"group\" aria-roledescription=\"slide\">\n\t\t\t\t\t\t\t\t\t<div class=\"elementor-testimonial\">\n\t\t\t\t\t\t\t<div class=\"elementor-testimonial__content\">\n\t\t\t\t\t<div class=\"elementor-testimonial__text\">\n\t\t\t\t\t\t Mit dem System von zone14 <b>sparen wir jede Woche Stunden bei der Videoanalyse<\/b>, da das gesamte Spielfeld 90 Minuten lang aufgezeichnet wird und wir jeden Spieler in jeder Situation genau beobachten k\u00f6nnen. Die Video- und Datenanalyse wird auch im Amateursport immer wichtiger und das System von zone14 ist f\u00fcr uns unverzichtbar geworden.\t\t\t\t\t<\/div>\n\t\t\t\t\t\t\t\t\t<\/div>\n\t\t\t\t\t\t<div class=\"elementor-testimonial__footer\">\n\t\t\t\t\t\t\t\t\t<div class=\"elementor-testimonial__image\">\n\t\t\t\t\t\t<img decoding=\"async\" src=\"https:\/\/zone14.ai\/wp-content\/uploads\/2021\/09\/robert_weinstabl.jpg\" alt=\"Robert Weinstabl\">\n\t\t\t\t\t\t\t\t\t\t\t<\/div>\n\t\t\t\t\t\t\t\t<cite class=\"elementor-testimonial__cite\"><span class=\"elementor-testimonial__name\">Robert Weinstabl<\/span><span class=\"elementor-testimonial__title\">Wiener Sport Club - Head Coach<\/span><\/cite>\t\t\t<\/div>\n\t\t<\/div>\n\t\t\t\t\t\t\t\t<\/div>\n\t\t\t\t\t\t\t\t\t<\/div>\n\t\t\t\t\t\t\t\t\t\t\t\t\t\t\t\t\t\t\t\t<div class=\"swiper-pagination\"><\/div>\n\t\t\t\t\t\t\t\t\t\t\t\t<\/div>\n\t\t\t\t<\/div>\n\t\t\t\t\t\t\t\t<\/div>\n\t\t\t\t<\/div>\n\t\t\t\t\t<\/div>\n\t\t<\/div>\n\t\t\t\t\t<\/div>\n\t\t<\/section>\n\t\t\t\t<section class=\"elementor-section elementor-top-section elementor-element elementor-element-3354d6cb elementor-section-boxed elementor-section-height-default elementor-section-height-default\" data-id=\"3354d6cb\" data-element_type=\"section\" data-settings=\"{&quot;background_background&quot;:&quot;classic&quot;}\">\n\t\t\t\t\t\t<div class=\"elementor-container elementor-column-gap-default\">\n\t\t\t\t\t<div class=\"elementor-column elementor-col-100 elementor-top-column elementor-element elementor-element-14471ad8\" data-id=\"14471ad8\" data-element_type=\"column\">\n\t\t\t<div class=\"elementor-widget-wrap elementor-element-populated\">\n\t\t\t\t\t\t<div class=\"elementor-element elementor-element-84c6413 elementor-button-align-center elementor-widget elementor-widget-form\" data-id=\"84c6413\" data-element_type=\"widget\" data-settings=\"{&quot;step_next_label&quot;:&quot;Next&quot;,&quot;step_previous_label&quot;:&quot;Previous&quot;,&quot;button_width&quot;:&quot;100&quot;,&quot;step_type&quot;:&quot;number_text&quot;,&quot;step_icon_shape&quot;:&quot;circle&quot;}\" data-widget_type=\"form.default\">\n\t\t\t\t<div class=\"elementor-widget-container\">\n\t\t\t\t\t\t\t<form class=\"elementor-form\" method=\"post\" id=\"buy_replay_standard\" name=\"Offer Request\" aria-label=\"Offer Request\">\n\t\t\t<input type=\"hidden\" name=\"post_id\" value=\"4589\"\/>\n\t\t\t<input type=\"hidden\" name=\"form_id\" value=\"84c6413\"\/>\n\t\t\t<input type=\"hidden\" name=\"referer_title\" value=\"zone14\" \/>\n\n\t\t\t\n\t\t\t<div class=\"elementor-form-fields-wrapper elementor-labels-above\">\n\t\t\t\t\t\t\t\t<div class=\"elementor-field-type-select elementor-field-group elementor-column elementor-field-group-field_0bd6c20 elementor-col-60\">\n\t\t\t\t\t\t\t\t\t\t\t\t<label for=\"form-field-field_0bd6c20\" class=\"elementor-field-label\">\n\t\t\t\t\t\t\t\tPaket\t\t\t\t\t\t\t<\/label>\n\t\t\t\t\t\t\t\t<div class=\"elementor-field elementor-select-wrapper remove-before \">\n\t\t\t<div class=\"select-caret-down-wrapper\">\n\t\t\t\t<svg aria-hidden=\"true\" class=\"e-font-icon-svg e-eicon-caret-down\" viewBox=\"0 0 571.4 571.4\" xmlns=\"http:\/\/www.w3.org\/2000\/svg\"><path d=\"M571 393Q571 407 561 418L311 668Q300 679 286 679T261 668L11 418Q0 407 0 393T11 368 36 357H536Q550 357 561 368T571 393Z\"><\/path><\/svg>\t\t\t<\/div>\n\t\t\t<select name=\"form_fields[field_0bd6c20]\" id=\"form-field-field_0bd6c20\" class=\"elementor-field-textual elementor-size-sm\">\n\t\t\t\t\t\t\t\t\t<option value=\"Core\">Core<\/option>\n\t\t\t\t\t\t\t\t\t<option value=\"Elite\">Elite<\/option>\n\t\t\t\t\t\t\t<\/select>\n\t\t<\/div>\n\t\t\t\t\t\t<\/div>\n\t\t\t\t\t\t\t\t<div class=\"elementor-field-type-text elementor-field-group elementor-column elementor-field-group-name elementor-col-50 elementor-field-required elementor-mark-required\">\n\t\t\t\t\t\t\t\t\t\t\t\t<label for=\"form-field-name\" class=\"elementor-field-label\">\n\t\t\t\t\t\t\t\tVorname\t\t\t\t\t\t\t<\/label>\n\t\t\t\t\t\t\t\t\t\t\t\t\t\t<input size=\"1\" type=\"text\" name=\"form_fields[name]\" id=\"form-field-name\" class=\"elementor-field elementor-size-sm  elementor-field-textual\" placeholder=\"Vorname\" required=\"required\">\n\t\t\t\t\t\t\t\t\t\t\t<\/div>\n\t\t\t\t\t\t\t\t<div class=\"elementor-field-type-text elementor-field-group elementor-column elementor-field-group-surname elementor-col-50 elementor-field-required elementor-mark-required\">\n\t\t\t\t\t\t\t\t\t\t\t\t<label for=\"form-field-surname\" class=\"elementor-field-label\">\n\t\t\t\t\t\t\t\tNachname\t\t\t\t\t\t\t<\/label>\n\t\t\t\t\t\t\t\t\t\t\t\t\t\t<input size=\"1\" type=\"text\" name=\"form_fields[surname]\" id=\"form-field-surname\" class=\"elementor-field elementor-size-sm  elementor-field-textual\" placeholder=\"Nachname\" required=\"required\">\n\t\t\t\t\t\t\t\t\t\t\t<\/div>\n\t\t\t\t\t\t\t\t<div class=\"elementor-field-type-email elementor-field-group elementor-column elementor-field-group-email elementor-col-100 elementor-field-required elementor-mark-required\">\n\t\t\t\t\t\t\t\t\t\t\t\t<label for=\"form-field-email\" class=\"elementor-field-label\">\n\t\t\t\t\t\t\t\tMail\t\t\t\t\t\t\t<\/label>\n\t\t\t\t\t\t\t\t\t\t\t\t\t\t<input size=\"1\" type=\"email\" name=\"form_fields[email]\" id=\"form-field-email\" class=\"elementor-field elementor-size-sm  elementor-field-textual\" placeholder=\"testzugang@test.com\" required=\"required\">\n\t\t\t\t\t\t\t\t\t\t\t<\/div>\n\t\t\t\t\t\t\t\t<div class=\"elementor-field-type-text elementor-field-group elementor-column elementor-field-group-field_a13e64f elementor-col-100 elementor-field-required elementor-mark-required\">\n\t\t\t\t\t\t\t\t\t\t\t\t<label for=\"form-field-field_a13e64f\" class=\"elementor-field-label\">\n\t\t\t\t\t\t\t\tTelefon\t\t\t\t\t\t\t<\/label>\n\t\t\t\t\t\t\t\t\t\t\t\t\t\t<input size=\"1\" type=\"text\" name=\"form_fields[field_a13e64f]\" id=\"form-field-field_a13e64f\" class=\"elementor-field elementor-size-sm  elementor-field-textual\" placeholder=\"+XX XXXXXX\" required=\"required\">\n\t\t\t\t\t\t\t\t\t\t\t<\/div>\n\t\t\t\t\t\t\t\t<div class=\"elementor-field-type-text elementor-field-group elementor-column elementor-field-group-Company elementor-col-100\">\n\t\t\t\t\t\t\t\t\t\t\t\t<label for=\"form-field-Company\" class=\"elementor-field-label\">\n\t\t\t\t\t\t\t\tVereinsname\t\t\t\t\t\t\t<\/label>\n\t\t\t\t\t\t\t\t\t\t\t\t\t\t<input size=\"1\" type=\"text\" name=\"form_fields[Company]\" id=\"form-field-Company\" class=\"elementor-field elementor-size-sm  elementor-field-textual\" placeholder=\"SV Testzugang\">\n\t\t\t\t\t\t\t\t\t\t\t<\/div>\n\t\t\t\t\t\t\t\t<div class=\"elementor-field-type-recaptcha_v3 elementor-field-group elementor-column elementor-field-group-field_8eb388e elementor-col-100 recaptcha_v3-inline\">\n\t\t\t\t\t<div class=\"elementor-field\" id=\"form-field-field_8eb388e\"><div class=\"elementor-g-recaptcha\" data-sitekey=\"6LcBkNYZAAAAAO7hXrhI0Qqc31nNx2IoZUmRxqgu\" data-type=\"v3\" data-action=\"Form\" data-badge=\"inline\" data-size=\"invisible\"><\/div><\/div>\t\t\t\t<\/div>\n\t\t\t\t\t\t\t\t<div class=\"elementor-field-type-hidden elementor-field-group elementor-column elementor-field-group-hs_cookie elementor-col-100\">\n\t\t\t\t\t\t\t\t\t\t\t\t\t<input size=\"1\" type=\"hidden\" name=\"form_fields[hs_cookie]\" id=\"form-field-hs_cookie\" class=\"elementor-field elementor-size-sm  elementor-field-textual\">\n\t\t\t\t\t\t\t\t\t\t\t<\/div>\n\t\t\t\t\t\t\t\t<div class=\"elementor-field-type-hidden elementor-field-group elementor-column elementor-field-group-ga_client_id elementor-col-100\">\n\t\t\t\t\t\t\t\t\t\t\t\t\t<input size=\"1\" type=\"hidden\" name=\"form_fields[ga_client_id]\" id=\"form-field-ga_client_id\" class=\"elementor-field elementor-size-sm  elementor-field-textual\">\n\t\t\t\t\t\t\t\t\t\t\t<\/div>\n\t\t\t\t\t\t\t\t<div class=\"elementor-field-type-hidden elementor-field-group elementor-column elementor-field-group-real_form_id elementor-col-100\">\n\t\t\t\t\t\t\t\t\t\t\t\t\t<input size=\"1\" type=\"hidden\" name=\"form_fields[real_form_id]\" id=\"form-field-real_form_id\" class=\"elementor-field elementor-size-sm  elementor-field-textual\">\n\t\t\t\t\t\t\t\t\t\t\t<\/div>\n\t\t\t\t\t\t\t\t<div class=\"elementor-field-group elementor-column elementor-field-type-submit elementor-col-100 e-form__buttons\">\n\t\t\t\t\t<button class=\"elementor-button elementor-size-md elementor-animation-grow\" type=\"submit\" id=\"offer_request\">\n\t\t\t\t\t\t<span class=\"elementor-button-content-wrapper\">\n\t\t\t\t\t\t\t\t\t\t\t\t\t\t\t\t\t\t\t\t\t\t<span class=\"elementor-button-text\">Unverbindlich anfordern<\/span>\n\t\t\t\t\t\t\t\t\t\t\t\t\t<\/span>\n\t\t\t\t\t<\/button>\n\t\t\t\t<\/div>\n\t\t\t<\/div>\n\t\t<\/form>\n\t\t\t\t\t\t<\/div>\n\t\t\t\t<\/div>\n\t\t\t\t<div class=\"elementor-element elementor-element-b2cc807 elementor-widget elementor-widget-menu-anchor\" data-id=\"b2cc807\" data-element_type=\"widget\" data-widget_type=\"menu-anchor.default\">\n\t\t\t\t<div class=\"elementor-widget-container\">\n\t\t\t\t\t\t\t<div class=\"elementor-menu-anchor\" id=\"contact-us\"><\/div>\n\t\t\t\t\t\t<\/div>\n\t\t\t\t<\/div>\n\t\t\t\t<div class=\"elementor-element elementor-element-81eb39f elementor-widget elementor-widget-spacer\" data-id=\"81eb39f\" data-element_type=\"widget\" data-widget_type=\"spacer.default\">\n\t\t\t\t<div class=\"elementor-widget-container\">\n\t\t\t\t\t\t\t<div class=\"elementor-spacer\">\n\t\t\t<div class=\"elementor-spacer-inner\"><\/div>\n\t\t<\/div>\n\t\t\t\t\t\t<\/div>\n\t\t\t\t<\/div>\n\t\t\t\t\t<\/div>\n\t\t<\/div>\n\t\t\t\t\t<\/div>\n\t\t<\/section>\n\t\t\t\t<\/div>\n\t\t","protected":false},"excerpt":{"rendered":"<p>Dein individuelles Angebot wartet Hinterlasse uns Deine Kontaktdaten. Wir setzen uns mit Dir in Verbindung und erstellen ein ma\u00dfgeschneidertes Angebot f\u00fcr Deinen Verein. Es freut mich sehr, dass zone14 unsere Trainingspl\u00e4tze in H\u00fctteldorf und im zweiten Wiener Gemeindebezirk mit innovativen Kamerasystemen ausstattet. Das ist ein wichtiger Schritt und hilft uns, unsere Videoanalyse noch effizienter zu [&hellip;]<\/p>\n","protected":false},"author":3,"featured_media":0,"parent":0,"menu_order":0,"comment_status":"closed","ping_status":"closed","template":"","meta":{"_acf_changed":false,"footnotes":""},"class_list":["post-4589","page","type-page","status-publish","hentry"],"acf":[],"yoast_head":"<!-- This site is optimized with the Yoast SEO plugin v26.2 - https:\/\/yoast.com\/wordpress\/plugins\/seo\/ -->\n<title>Fu\u00dfball Video Analyse kaufen | zone14<\/title>\n<meta name=\"description\" content=\"Was man messen kann, kann man auch managen. Mit unserem All-in-one Video Analyse Tool f\u00fcr den Fu\u00dfball und dein Team effizient verbessern!\" \/>\n<meta name=\"robots\" content=\"noindex, follow\" \/>\n<meta property=\"og:locale\" content=\"en_US\" \/>\n<meta property=\"og:type\" content=\"article\" \/>\n<meta property=\"og:title\" content=\"Fu\u00dfball Video Analyse kaufen | zone14\" \/>\n<meta property=\"og:description\" content=\"Was man messen kann, kann man auch managen. Mit unserem All-in-one Video Analyse Tool f\u00fcr den Fu\u00dfball und dein Team effizient verbessern!\" \/>\n<meta property=\"og:url\" content=\"https:\/\/zone14.ai\/en\/buy\/\" \/>\n<meta property=\"og:site_name\" content=\"zone14\" \/>\n<meta property=\"article:publisher\" content=\"https:\/\/www.facebook.com\/zone14.net\/\" \/>\n<meta property=\"article:modified_time\" content=\"2026-04-14T12:53:48+00:00\" \/>\n<meta property=\"og:image\" content=\"https:\/\/zone14.ai\/wp-content\/uploads\/2024\/10\/asset-dacfc54b4ca0ee012a1f.jpg\" \/>\n<meta name=\"twitter:card\" content=\"summary_large_image\" \/>\n<meta name=\"twitter:site\" content=\"@zone14_ai\" \/>\n<meta name=\"twitter:label1\" content=\"Est. reading time\" \/>\n\t<meta name=\"twitter:data1\" content=\"4 minutes\" \/>\n<script type=\"application\/ld+json\" class=\"yoast-schema-graph\">{\"@context\":\"https:\/\/schema.org\",\"@graph\":[{\"@type\":\"WebPage\",\"@id\":\"https:\/\/zone14.ai\/kaufen\/\",\"url\":\"https:\/\/zone14.ai\/kaufen\/\",\"name\":\"Fu\u00dfball Video Analyse kaufen | zone14\",\"isPartOf\":{\"@id\":\"https:\/\/zone14.ai\/#website\"},\"primaryImageOfPage\":{\"@id\":\"https:\/\/zone14.ai\/kaufen\/#primaryimage\"},\"image\":{\"@id\":\"https:\/\/zone14.ai\/kaufen\/#primaryimage\"},\"thumbnailUrl\":\"https:\/\/zone14.ai\/wp-content\/uploads\/2024\/10\/asset-dacfc54b4ca0ee012a1f.jpg\",\"datePublished\":\"2022-11-29T13:58:06+00:00\",\"dateModified\":\"2026-04-14T12:53:48+00:00\",\"description\":\"Was man messen kann, kann man auch managen. Mit unserem All-in-one Video Analyse Tool f\u00fcr den Fu\u00dfball und dein Team effizient verbessern!\",\"breadcrumb\":{\"@id\":\"https:\/\/zone14.ai\/kaufen\/#breadcrumb\"},\"inLanguage\":\"en-US\",\"potentialAction\":[{\"@type\":\"ReadAction\",\"target\":[\"https:\/\/zone14.ai\/kaufen\/\"]}]},{\"@type\":\"ImageObject\",\"inLanguage\":\"en-US\",\"@id\":\"https:\/\/zone14.ai\/kaufen\/#primaryimage\",\"url\":\"https:\/\/zone14.ai\/wp-content\/uploads\/2024\/10\/asset-dacfc54b4ca0ee012a1f.jpg\",\"contentUrl\":\"https:\/\/zone14.ai\/wp-content\/uploads\/2024\/10\/asset-dacfc54b4ca0ee012a1f.jpg\"},{\"@type\":\"BreadcrumbList\",\"@id\":\"https:\/\/zone14.ai\/kaufen\/#breadcrumb\",\"itemListElement\":[{\"@type\":\"ListItem\",\"position\":1,\"name\":\"Home\",\"item\":\"https:\/\/zone14.ai\/\"},{\"@type\":\"ListItem\",\"position\":2,\"name\":\"Fu\u00dfball Video Analyse kaufen\"}]},{\"@type\":\"WebSite\",\"@id\":\"https:\/\/zone14.ai\/#website\",\"url\":\"https:\/\/zone14.ai\/\",\"name\":\"zone14\",\"description\":\"Aufnehmen, Streamen, Analysieren, Gewinnen\",\"publisher\":{\"@id\":\"https:\/\/zone14.ai\/#organization\"},\"potentialAction\":[{\"@type\":\"SearchAction\",\"target\":{\"@type\":\"EntryPoint\",\"urlTemplate\":\"https:\/\/zone14.ai\/?s={search_term_string}\"},\"query-input\":{\"@type\":\"PropertyValueSpecification\",\"valueRequired\":true,\"valueName\":\"search_term_string\"}}],\"inLanguage\":\"en-US\"},{\"@type\":\"Organization\",\"@id\":\"https:\/\/zone14.ai\/#organization\",\"name\":\"zone14\",\"url\":\"https:\/\/zone14.ai\/\",\"logo\":{\"@type\":\"ImageObject\",\"inLanguage\":\"en-US\",\"@id\":\"https:\/\/zone14.ai\/#\/schema\/logo\/image\/\",\"url\":\"https:\/\/zone14.ai\/wp-content\/uploads\/2024\/11\/z14-logo-new-1.png\",\"contentUrl\":\"https:\/\/zone14.ai\/wp-content\/uploads\/2024\/11\/z14-logo-new-1.png\",\"width\":1080,\"height\":1080,\"caption\":\"zone14\"},\"image\":{\"@id\":\"https:\/\/zone14.ai\/#\/schema\/logo\/image\/\"},\"sameAs\":[\"https:\/\/www.facebook.com\/zone14.net\/\",\"https:\/\/x.com\/zone14_ai\"]}]}<\/script>\n<!-- \/ Yoast SEO plugin. -->","yoast_head_json":{"title":"Fu\u00dfball Video Analyse kaufen | zone14","description":"What you can measure, you can manage. With our all-in-one video analysis tool and camera for football you can improve your team efficiently!","robots":{"index":"noindex","follow":"follow"},"og_locale":"en_US","og_type":"article","og_title":"Fu\u00dfball Video Analyse kaufen | zone14","og_description":"Was man messen kann, kann man auch managen. Mit unserem All-in-one Video Analyse Tool f\u00fcr den Fu\u00dfball und dein Team effizient verbessern!","og_url":"https:\/\/zone14.ai\/en\/buy\/","og_site_name":"zone14","article_publisher":"https:\/\/www.facebook.com\/zone14.net\/","article_modified_time":"2026-04-14T12:53:48+00:00","og_image":[{"url":"https:\/\/zone14.ai\/wp-content\/uploads\/2024\/10\/asset-dacfc54b4ca0ee012a1f.jpg","type":"","width":"","height":""}],"twitter_card":"summary_large_image","twitter_site":"@zone14_ai","twitter_misc":{"Est. reading time":"4 minutes"},"schema":{"@context":"https:\/\/schema.org","@graph":[{"@type":"WebPage","@id":"https:\/\/zone14.ai\/kaufen\/","url":"https:\/\/zone14.ai\/kaufen\/","name":"Fu\u00dfball Video Analyse kaufen | zone14","isPartOf":{"@id":"https:\/\/zone14.ai\/#website"},"primaryImageOfPage":{"@id":"https:\/\/zone14.ai\/kaufen\/#primaryimage"},"image":{"@id":"https:\/\/zone14.ai\/kaufen\/#primaryimage"},"thumbnailUrl":"https:\/\/zone14.ai\/wp-content\/uploads\/2024\/10\/asset-dacfc54b4ca0ee012a1f.jpg","datePublished":"2022-11-29T13:58:06+00:00","dateModified":"2026-04-14T12:53:48+00:00","description":"What you can measure, you can manage. With our all-in-one video analysis tool and camera for football you can improve your team efficiently!","breadcrumb":{"@id":"https:\/\/zone14.ai\/kaufen\/#breadcrumb"},"inLanguage":"en-US","potentialAction":[{"@type":"ReadAction","target":["https:\/\/zone14.ai\/kaufen\/"]}]},{"@type":"ImageObject","inLanguage":"en-US","@id":"https:\/\/zone14.ai\/kaufen\/#primaryimage","url":"https:\/\/zone14.ai\/wp-content\/uploads\/2024\/10\/asset-dacfc54b4ca0ee012a1f.jpg","contentUrl":"https:\/\/zone14.ai\/wp-content\/uploads\/2024\/10\/asset-dacfc54b4ca0ee012a1f.jpg"},{"@type":"BreadcrumbList","@id":"https:\/\/zone14.ai\/kaufen\/#breadcrumb","itemListElement":[{"@type":"ListItem","position":1,"name":"Home","item":"https:\/\/zone14.ai\/"},{"@type":"ListItem","position":2,"name":"Fu\u00dfball Video Analyse kaufen"}]},{"@type":"WebSite","@id":"https:\/\/zone14.ai\/#website","url":"https:\/\/zone14.ai\/","name":"zone14","description":"Record, Stream, Analyse, Win","publisher":{"@id":"https:\/\/zone14.ai\/#organization"},"potentialAction":[{"@type":"SearchAction","target":{"@type":"EntryPoint","urlTemplate":"https:\/\/zone14.ai\/?s={search_term_string}"},"query-input":{"@type":"PropertyValueSpecification","valueRequired":true,"valueName":"search_term_string"}}],"inLanguage":"en-US"},{"@type":"Organization","@id":"https:\/\/zone14.ai\/#organization","name":"zone14","url":"https:\/\/zone14.ai\/","logo":{"@type":"ImageObject","inLanguage":"en-US","@id":"https:\/\/zone14.ai\/#\/schema\/logo\/image\/","url":"https:\/\/zone14.ai\/wp-content\/uploads\/2024\/11\/z14-logo-new-1.png","contentUrl":"https:\/\/zone14.ai\/wp-content\/uploads\/2024\/11\/z14-logo-new-1.png","width":1080,"height":1080,"caption":"zone14"},"image":{"@id":"https:\/\/zone14.ai\/#\/schema\/logo\/image\/"},"sameAs":["https:\/\/www.facebook.com\/zone14.net\/","https:\/\/x.com\/zone14_ai"]}]}},"_links":{"self":[{"href":"https:\/\/zone14.ai\/en\/wp-json\/wp\/v2\/pages\/4589","targetHints":{"allow":["GET"]}}],"collection":[{"href":"https:\/\/zone14.ai\/en\/wp-json\/wp\/v2\/pages"}],"about":[{"href":"https:\/\/zone14.ai\/en\/wp-json\/wp\/v2\/types\/page"}],"author":[{"embeddable":true,"href":"https:\/\/zone14.ai\/en\/wp-json\/wp\/v2\/users\/3"}],"replies":[{"embeddable":true,"href":"https:\/\/zone14.ai\/en\/wp-json\/wp\/v2\/comments?post=4589"}],"version-history":[{"count":3,"href":"https:\/\/zone14.ai\/en\/wp-json\/wp\/v2\/pages\/4589\/revisions"}],"predecessor-version":[{"id":26652,"href":"https:\/\/zone14.ai\/en\/wp-json\/wp\/v2\/pages\/4589\/revisions\/26652"}],"wp:attachment":[{"href":"https:\/\/zone14.ai\/en\/wp-json\/wp\/v2\/media?parent=4589"}],"curies":[{"name":"wp","href":"https:\/\/api.w.org\/{rel}","templated":true}]}}