{"id":25955,"date":"2026-03-30T13:29:03","date_gmt":"2026-03-30T11:29:03","guid":{"rendered":"https:\/\/zone14.ai\/?page_id=25955"},"modified":"2026-03-30T13:33:00","modified_gmt":"2026-03-30T11:33:00","slug":"case-studies","status":"publish","type":"page","link":"https:\/\/zone14.ai\/en\/fallstudie\/","title":{"rendered":"zone14 Fallstudien"},"content":{"rendered":"<div data-elementor-type=\"wp-page\" data-elementor-id=\"25955\" class=\"elementor elementor-25955\" data-elementor-post-type=\"page\">\n\t\t\t\t\t\t<section class=\"elementor-section elementor-top-section elementor-element elementor-element-10dd931 elementor-section-boxed elementor-section-height-default elementor-section-height-default\" data-id=\"10dd931\" data-element_type=\"section\">\n\t\t\t\t\t\t<div class=\"elementor-container elementor-column-gap-default\">\n\t\t\t\t\t<div class=\"elementor-column elementor-col-100 elementor-top-column elementor-element elementor-element-fbff6a2\" data-id=\"fbff6a2\" data-element_type=\"column\" data-settings=\"{&quot;background_background&quot;:&quot;classic&quot;}\">\n\t\t\t<div class=\"elementor-widget-wrap elementor-element-populated\">\n\t\t\t\t\t\t<div class=\"elementor-element elementor-element-31e8656 elementor-widget elementor-widget-heading\" data-id=\"31e8656\" data-element_type=\"widget\" data-widget_type=\"heading.default\">\n\t\t\t\t<div class=\"elementor-widget-container\">\n\t\t\t\t\t<h2 class=\"elementor-heading-title elementor-size-default\">Success stories<\/h2>\t\t\t\t<\/div>\n\t\t\t\t<\/div>\n\t\t\t\t<div class=\"elementor-element elementor-element-553df94 elementor-grid-3 elementor-grid-tablet-2 elementor-grid-mobile-1 elementor-posts--thumbnail-top elementor-widget elementor-widget-posts\" data-id=\"553df94\" data-element_type=\"widget\" data-settings=\"{&quot;classic_columns&quot;:&quot;3&quot;,&quot;classic_columns_tablet&quot;:&quot;2&quot;,&quot;classic_columns_mobile&quot;:&quot;1&quot;,&quot;classic_row_gap&quot;:{&quot;unit&quot;:&quot;px&quot;,&quot;size&quot;:35,&quot;sizes&quot;:[]},&quot;classic_row_gap_tablet&quot;:{&quot;unit&quot;:&quot;px&quot;,&quot;size&quot;:&quot;&quot;,&quot;sizes&quot;:[]},&quot;classic_row_gap_mobile&quot;:{&quot;unit&quot;:&quot;px&quot;,&quot;size&quot;:&quot;&quot;,&quot;sizes&quot;:[]}}\" data-widget_type=\"posts.classic\">\n\t\t\t\t<div class=\"elementor-widget-container\">\n\t\t\t\t\t\t\t<div class=\"elementor-posts-container elementor-posts elementor-posts--skin-classic elementor-grid\" role=\"list\">\n\t\t\t\t<article class=\"elementor-post elementor-grid-item post-23719 fallstudie type-fallstudie status-publish has-post-thumbnail hentry\" role=\"listitem\">\n\t\t\t\t<a class=\"elementor-post__thumbnail__link\" href=\"https:\/\/zone14.ai\/en\/fallstudie\/fallstudie-rapid\/\" tabindex=\"-1\" >\n\t\t\t<div class=\"elementor-post__thumbnail\"><img decoding=\"async\" width=\"300\" height=\"169\" src=\"https:\/\/zone14.ai\/wp-content\/uploads\/2024\/10\/Unbenannt-4-7-300x169.png\" class=\"attachment-medium size-medium wp-image-18511\" alt=\"Rapid x zone14\" srcset=\"https:\/\/zone14.ai\/wp-content\/uploads\/2024\/10\/Unbenannt-4-7-300x169.png 300w, https:\/\/zone14.ai\/wp-content\/uploads\/2024\/10\/Unbenannt-4-7-1024x576.png 1024w, https:\/\/zone14.ai\/wp-content\/uploads\/2024\/10\/Unbenannt-4-7-768x432.png 768w, https:\/\/zone14.ai\/wp-content\/uploads\/2024\/10\/Unbenannt-4-7-18x10.png 18w, https:\/\/zone14.ai\/wp-content\/uploads\/2024\/10\/Unbenannt-4-7-1200x675.png 1200w, https:\/\/zone14.ai\/wp-content\/uploads\/2024\/10\/Unbenannt-4-7.png 1280w\" sizes=\"(max-width: 300px) 100vw, 300px\" \/><\/div>\n\t\t<\/a>\n\t\t\t\t<div class=\"elementor-post__text\">\n\t\t\t\t<h3 class=\"elementor-post__title\">\n\t\t\t<a href=\"https:\/\/zone14.ai\/en\/fallstudie\/fallstudie-rapid\/\" >\n\t\t\t\tEfficiency boost in the talent factory: How SK Rapid Academy optimizes its analysis with zone14\t\t\t<\/a>\n\t\t<\/h3>\n\t\t\t\t<div class=\"elementor-post__meta-data\">\n\t\t\t\t\t<span class=\"elementor-post-date\">\n\t\t\t15. October 2025\t\t<\/span>\n\t\t\t\t<\/div>\n\t\t\t\t<div class=\"elementor-post__excerpt\">\n\t\t\t<p>How does a top club like SK Rapid professionalize its training analysis? Discover the role of the automatic zone14 camera in our case study.<\/p>\n\t\t<\/div>\n\t\t\t\t\t<div class=\"elementor-post__read-more-wrapper\">\n\t\t\n\t\t<a class=\"elementor-post__read-more\" href=\"https:\/\/zone14.ai\/en\/fallstudie\/fallstudie-rapid\/\" aria-label=\"Read more about Effizienz-Boost in der Talentschmiede: Wie die SK Rapid Akademie mit zone14 ihre Analyse optimiert\" tabindex=\"-1\" >\n\t\t\tRead more \u00bb\t\t<\/a>\n\n\t\t\t\t\t<\/div>\n\t\t\t\t<\/div>\n\t\t\t\t<\/article>\n\t\t\t\t<article class=\"elementor-post elementor-grid-item post-22811 fallstudie type-fallstudie status-publish has-post-thumbnail hentry\" role=\"listitem\">\n\t\t\t\t<a class=\"elementor-post__thumbnail__link\" href=\"https:\/\/zone14.ai\/en\/fallstudie\/usc-litschau\/\" tabindex=\"-1\" >\n\t\t\t<div class=\"elementor-post__thumbnail\"><img decoding=\"async\" width=\"300\" height=\"169\" src=\"https:\/\/zone14.ai\/wp-content\/uploads\/2025\/07\/zone14xLitschau-300x169.png\" class=\"attachment-medium size-medium wp-image-22818\" alt=\"\" srcset=\"https:\/\/zone14.ai\/wp-content\/uploads\/2025\/07\/zone14xLitschau-300x169.png 300w, https:\/\/zone14.ai\/wp-content\/uploads\/2025\/07\/zone14xLitschau-18x10.png 18w, https:\/\/zone14.ai\/wp-content\/uploads\/2025\/07\/zone14xLitschau.png 512w\" sizes=\"(max-width: 300px) 100vw, 300px\" \/><\/div>\n\t\t<\/a>\n\t\t\t\t<div class=\"elementor-post__text\">\n\t\t\t\t<h3 class=\"elementor-post__title\">\n\t\t\t<a href=\"https:\/\/zone14.ai\/en\/fallstudie\/usc-litschau\/\" >\n\t\t\t\tCase study USC Litschau: From relegation candidates to champions in just 12 months\t\t\t<\/a>\n\t\t<\/h3>\n\t\t\t\t<div class=\"elementor-post__meta-data\">\n\t\t\t\t\t<span class=\"elementor-post-date\">\n\t\t\t23. July 2025\t\t<\/span>\n\t\t\t\t<\/div>\n\t\t\t\t<div class=\"elementor-post__excerpt\">\n\t\t\t<p>Case study on video analysis in amateur soccer: How USC Litschau secured its place in the league and went on to become champions with the zone14 camera system.<\/p>\n\t\t<\/div>\n\t\t\t\t\t<div class=\"elementor-post__read-more-wrapper\">\n\t\t\n\t\t<a class=\"elementor-post__read-more\" href=\"https:\/\/zone14.ai\/en\/fallstudie\/usc-litschau\/\" aria-label=\"Read more about Fallstudie USC Litschau: Vom Abstiegskandidaten zum Meister in nur 12 Monaten\" tabindex=\"-1\" >\n\t\t\tRead more \u00bb\t\t<\/a>\n\n\t\t\t\t\t<\/div>\n\t\t\t\t<\/div>\n\t\t\t\t<\/article>\n\t\t\t\t<article class=\"elementor-post elementor-grid-item post-12661 fallstudie type-fallstudie status-publish has-post-thumbnail hentry\" role=\"listitem\">\n\t\t\t\t<a class=\"elementor-post__thumbnail__link\" href=\"https:\/\/zone14.ai\/en\/fallstudie\/twl-elektra-fussball-videoanalyse\/\" tabindex=\"-1\" >\n\t\t\t<div class=\"elementor-post__thumbnail\"><img decoding=\"async\" width=\"300\" height=\"169\" src=\"https:\/\/zone14.ai\/wp-content\/uploads\/2024\/01\/Unbenannt-40-300x169.png\" class=\"attachment-medium size-medium wp-image-23128\" alt=\"\" srcset=\"https:\/\/zone14.ai\/wp-content\/uploads\/2024\/01\/Unbenannt-40-300x169.png 300w, https:\/\/zone14.ai\/wp-content\/uploads\/2024\/01\/Unbenannt-40-1024x576.png 1024w, https:\/\/zone14.ai\/wp-content\/uploads\/2024\/01\/Unbenannt-40-768x432.png 768w, https:\/\/zone14.ai\/wp-content\/uploads\/2024\/01\/Unbenannt-40-1536x864.png 1536w, https:\/\/zone14.ai\/wp-content\/uploads\/2024\/01\/Unbenannt-40-18x10.png 18w, https:\/\/zone14.ai\/wp-content\/uploads\/2024\/01\/Unbenannt-40-1200x675.png 1200w, https:\/\/zone14.ai\/wp-content\/uploads\/2024\/01\/Unbenannt-40.png 1920w\" sizes=\"(max-width: 300px) 100vw, 300px\" \/><\/div>\n\t\t<\/a>\n\t\t\t\t<div class=\"elementor-post__text\">\n\t\t\t\t<h3 class=\"elementor-post__title\">\n\t\t\t<a href=\"https:\/\/zone14.ai\/en\/fallstudie\/twl-elektra-fussball-videoanalyse\/\" >\n\t\t\t\tHow to implement video analysis in an amateur football club: TWL Elektra case study\t\t\t<\/a>\n\t\t<\/h3>\n\t\t\t\t<div class=\"elementor-post__meta-data\">\n\t\t\t\t\t<span class=\"elementor-post-date\">\n\t\t\t12. January 2024\t\t<\/span>\n\t\t\t\t<\/div>\n\t\t\t\t<div class=\"elementor-post__excerpt\">\n\t\t\t<p>In the ever-evolving landscape of football video analytics, zone14 has emerged as an effective solution that removes typical barriers for clubs looking to utilise technology.<\/p>\n\t\t<\/div>\n\t\t\t\t\t<div class=\"elementor-post__read-more-wrapper\">\n\t\t\n\t\t<a class=\"elementor-post__read-more\" href=\"https:\/\/zone14.ai\/en\/fallstudie\/twl-elektra-fussball-videoanalyse\/\" aria-label=\"Read more about Wie wird Videoanalyse in einem Amateurfu\u00dfballverein umgesetzt: Fallstudie TWL Elektra\" tabindex=\"-1\" >\n\t\t\tRead more \u00bb\t\t<\/a>\n\n\t\t\t\t\t<\/div>\n\t\t\t\t<\/div>\n\t\t\t\t<\/article>\n\t\t\t\t<\/div>\n\t\t\n\t\t\t\t\t\t<\/div>\n\t\t\t\t<\/div>\n\t\t\t\t\t<\/div>\n\t\t<\/div>\n\t\t\t\t\t<\/div>\n\t\t<\/section>\n\t\t\t\t<section class=\"elementor-section elementor-top-section elementor-element elementor-element-4458e68 elementor-section-boxed elementor-section-height-default elementor-section-height-default\" data-id=\"4458e68\" data-element_type=\"section\" data-settings=\"{&quot;background_background&quot;:&quot;classic&quot;}\">\n\t\t\t\t\t\t<div class=\"elementor-container elementor-column-gap-default\">\n\t\t\t\t\t<div class=\"elementor-column elementor-col-100 elementor-top-column elementor-element elementor-element-c865707\" data-id=\"c865707\" data-element_type=\"column\">\n\t\t\t<div class=\"elementor-widget-wrap elementor-element-populated\">\n\t\t\t\t\t\t<div class=\"elementor-element elementor-element-004f0a0 elementor-widget elementor-widget-heading\" data-id=\"004f0a0\" data-element_type=\"widget\" data-widget_type=\"heading.default\">\n\t\t\t\t<div class=\"elementor-widget-container\">\n\t\t\t\t\t<h2 class=\"elementor-heading-title elementor-size-small\">Football clubs at all levels use zone14<\/h2>\t\t\t\t<\/div>\n\t\t\t\t<\/div>\n\t\t\t\t<div class=\"elementor-element elementor-element-4530117 elementor-testimonial--layout-image_above box_shadow elementor-testimonial--skin-default elementor-testimonial--align-center elementor-arrows-yes elementor-pagination-type-bullets elementor-widget elementor-widget-testimonial-carousel\" data-id=\"4530117\" data-element_type=\"widget\" data-settings=\"{&quot;show_arrows&quot;:&quot;yes&quot;,&quot;pagination&quot;:&quot;bullets&quot;,&quot;speed&quot;:500,&quot;autoplay&quot;:&quot;yes&quot;,&quot;autoplay_speed&quot;:5000,&quot;loop&quot;:&quot;yes&quot;,&quot;pause_on_hover&quot;:&quot;yes&quot;,&quot;pause_on_interaction&quot;:&quot;yes&quot;,&quot;space_between&quot;:{&quot;unit&quot;:&quot;px&quot;,&quot;size&quot;:10,&quot;sizes&quot;:[]},&quot;space_between_tablet&quot;:{&quot;unit&quot;:&quot;px&quot;,&quot;size&quot;:10,&quot;sizes&quot;:[]},&quot;space_between_mobile&quot;:{&quot;unit&quot;:&quot;px&quot;,&quot;size&quot;:10,&quot;sizes&quot;:[]}}\" data-widget_type=\"testimonial-carousel.default\">\n\t\t\t\t<div class=\"elementor-widget-container\">\n\t\t\t\t\t\t\t\t\t<div class=\"elementor-swiper\">\n\t\t\t\t\t<div class=\"elementor-main-swiper swiper\" role=\"region\" aria-roledescription=\"carousel\" aria-label=\"Slides\">\n\t\t\t\t<div class=\"swiper-wrapper\">\n\t\t\t\t\t\t\t\t\t\t\t<div class=\"swiper-slide\" role=\"group\" aria-roledescription=\"slide\">\n\t\t\t\t\t\t\t\t\t<div class=\"elementor-testimonial\">\n\t\t\t\t\t\t\t<div class=\"elementor-testimonial__content\">\n\t\t\t\t\t<div class=\"elementor-testimonial__text\">\n\t\t\t\t\t\tI'm delighted that zone14 is equipping our training pitches in H\u00fctteldorf and Vienna's second district with innovative camera systems. This is an important step and helps us to <b>make our video analysis even more efficient.<\/b>\t\t\t\t\t<\/div>\n\t\t\t\t\t<cite class=\"elementor-testimonial__cite\"><span class=\"elementor-testimonial__name\">Steffen Hofmann<\/span><span class=\"elementor-testimonial__title\">SK Rapid Vienna - Managing Director<\/span><\/cite>\t\t\t\t<\/div>\n\t\t\t\t\t\t<div class=\"elementor-testimonial__footer\">\n\t\t\t\t\t\t\t\t\t<div class=\"elementor-testimonial__image\">\n\t\t\t\t\t\t<img decoding=\"async\" src=\"https:\/\/zone14.ai\/wp-content\/uploads\/2024\/10\/asset-dacfc54b4ca0ee012a1f.jpg\" alt=\"Steffen Hoffmann - Managing Director at SK Rapid\">\n\t\t\t\t\t\t\t\t\t\t\t<\/div>\n\t\t\t\t\t\t\t\t\t\t\t<\/div>\n\t\t<\/div>\n\t\t\t\t\t\t\t\t<\/div>\n\t\t\t\t\t\t\t\t\t\t\t<div class=\"swiper-slide\" role=\"group\" aria-roledescription=\"slide\">\n\t\t\t\t\t\t\t\t\t<div class=\"elementor-testimonial\">\n\t\t\t\t\t\t\t<div class=\"elementor-testimonial__content\">\n\t\t\t\t\t<div class=\"elementor-testimonial__text\">\n\t\t\t\t\t\t Football at the amateur level has become increasingly professional. The number of training sessions has increased to up to 4 per week. Thanks to zone14, we now have a tool with which we can <b>analyse the most important scenes in just a few minutes <\/b> and draw the necessary conclusions. \t\t\t\t\t<\/div>\n\t\t\t\t\t<cite class=\"elementor-testimonial__cite\"><span class=\"elementor-testimonial__name\">Thomas Gst\u00f6ttenmayr<\/span><span class=\"elementor-testimonial__title\">TSU Hafnerbach <\/span><\/cite>\t\t\t\t<\/div>\n\t\t\t\t\t\t<div class=\"elementor-testimonial__footer\">\n\t\t\t\t\t\t\t\t\t<div class=\"elementor-testimonial__image\">\n\t\t\t\t\t\t<img decoding=\"async\" src=\"https:\/\/zone14.ai\/wp-content\/uploads\/2021\/09\/thomas_gstoettenmayr.jpg\" alt=\"Thomas Gst\u00f6ttenmayr\">\n\t\t\t\t\t\t\t\t\t\t\t<\/div>\n\t\t\t\t\t\t\t\t\t\t\t<\/div>\n\t\t<\/div>\n\t\t\t\t\t\t\t\t<\/div>\n\t\t\t\t\t\t\t\t\t\t\t<div class=\"swiper-slide\" role=\"group\" aria-roledescription=\"slide\">\n\t\t\t\t\t\t\t\t\t<div class=\"elementor-testimonial\">\n\t\t\t\t\t\t\t<div class=\"elementor-testimonial__content\">\n\t\t\t\t\t<div class=\"elementor-testimonial__text\">\n\t\t\t\t\t\tzone14 is an important investment in the future for us, their innovative team <b>adapts the solution quickly to our requirements<\/b> and provides us with previously unknown insights. Thanks to machine learning and comprehensive expertise in automation and data processing, the work of analysts and sports scientists is becoming easier and easier. \t\t\t\t\t<\/div>\n\t\t\t\t\t<cite class=\"elementor-testimonial__cite\"><span class=\"elementor-testimonial__name\">Christian Puchinger<\/span><span class=\"elementor-testimonial__title\">Head of Sports Science | FK Austria Vienna (Bundesliga AT)<\/span><\/cite>\t\t\t\t<\/div>\n\t\t\t\t\t\t<div class=\"elementor-testimonial__footer\">\n\t\t\t\t\t\t\t\t\t<div class=\"elementor-testimonial__image\">\n\t\t\t\t\t\t<img decoding=\"async\" src=\"https:\/\/zone14.ai\/wp-content\/uploads\/2021\/09\/christian_puchinger.jpg\" alt=\"Christian Puchinger\">\n\t\t\t\t\t\t\t\t\t\t\t<\/div>\n\t\t\t\t\t\t\t\t\t\t\t<\/div>\n\t\t<\/div>\n\t\t\t\t\t\t\t\t<\/div>\n\t\t\t\t\t\t\t\t\t\t\t<div class=\"swiper-slide\" role=\"group\" aria-roledescription=\"slide\">\n\t\t\t\t\t\t\t\t\t<div class=\"elementor-testimonial\">\n\t\t\t\t\t\t\t<div class=\"elementor-testimonial__content\">\n\t\t\t\t\t<div class=\"elementor-testimonial__text\">\n\t\t\t\t\t\t With the zone14 solution <b>we save hours every week on video analysis<\/b>, the entire game is recorded automatically so we can closely monitor every player in every situation. Video and data analysis is becoming increasingly important in amateur sports and zone14 has become indispensable for us.\t\t\t\t\t<\/div>\n\t\t\t\t\t<cite class=\"elementor-testimonial__cite\"><span class=\"elementor-testimonial__name\">Robert Weinstabl<\/span><span class=\"elementor-testimonial__title\">Wiener Sport Club - Head Coach<\/span><\/cite>\t\t\t\t<\/div>\n\t\t\t\t\t\t<div class=\"elementor-testimonial__footer\">\n\t\t\t\t\t\t\t\t\t<div class=\"elementor-testimonial__image\">\n\t\t\t\t\t\t<img decoding=\"async\" src=\"https:\/\/zone14.ai\/wp-content\/uploads\/2021\/09\/robert_weinstabl.jpg\" alt=\"Robert Weinstabl\">\n\t\t\t\t\t\t\t\t\t\t\t<\/div>\n\t\t\t\t\t\t\t\t\t\t\t<\/div>\n\t\t<\/div>\n\t\t\t\t\t\t\t\t<\/div>\n\t\t\t\t\t\t\t\t\t<\/div>\n\t\t\t\t\t\t\t\t\t\t\t\t\t\t\t<div class=\"elementor-swiper-button elementor-swiper-button-prev\" role=\"button\" tabindex=\"0\" aria-label=\"Previous\">\n\t\t\t\t\t\t\t<svg aria-hidden=\"true\" class=\"e-font-icon-svg e-eicon-chevron-left\" viewbox=\"0 0 1000 1000\" xmlns=\"http:\/\/www.w3.org\/2000\/svg\"><path d=\"M646 125C629 125 613 133 604 142L308 442C296 454 292 471 292 487 292 504 296 521 308 533L604 854C617 867 629 875 646 875 663 875 679 871 692 858 704 846 713 829 713 812 713 796 708 779 692 767L438 487 692 225C700 217 708 204 708 187 708 171 704 154 692 142 675 129 663 125 646 125Z\"><\/path><\/svg>\t\t\t\t\t\t<\/div>\n\t\t\t\t\t\t<div class=\"elementor-swiper-button elementor-swiper-button-next\" role=\"button\" tabindex=\"0\" aria-label=\"Next\">\n\t\t\t\t\t\t\t<svg aria-hidden=\"true\" class=\"e-font-icon-svg e-eicon-chevron-right\" viewbox=\"0 0 1000 1000\" xmlns=\"http:\/\/www.w3.org\/2000\/svg\"><path d=\"M696 533C708 521 713 504 713 487 713 471 708 454 696 446L400 146C388 133 375 125 354 125 338 125 325 129 313 142 300 154 292 171 292 187 292 204 296 221 308 233L563 492 304 771C292 783 288 800 288 817 288 833 296 850 308 863 321 871 338 875 354 875 371 875 388 867 400 854L696 533Z\"><\/path><\/svg>\t\t\t\t\t\t<\/div>\n\t\t\t\t\t\t\t\t\t\t\t\t\t\t\t\t<div class=\"swiper-pagination\"><\/div>\n\t\t\t\t\t\t\t\t\t\t\t\t<\/div>\n\t\t\t\t<\/div>\n\t\t\t\t\t\t\t\t<\/div>\n\t\t\t\t<\/div>\n\t\t\t\t\t<\/div>\n\t\t<\/div>\n\t\t\t\t\t<\/div>\n\t\t<\/section>\n\t\t\t\t<\/div>","protected":false},"excerpt":{"rendered":"<p>Erfolgsgeschichten Fu\u00dfballvereine auf allen Ebenen nutzen zone14 Es freut mich sehr, dass zone14 unsere Trainingspl\u00e4tze in H\u00fctteldorf und im zweiten Wiener Gemeindebezirk mit innovativen Kamerasystemen ausstattet. Das ist ein wichtiger Schritt und hilft uns, unsere Videoanalyse noch effizienter zu gestalten. Steffen HofmannSK Rapid &#8211; Gesch\u00e4ftsf\u00fchrer Mittlerweile wird im Amateurbereich immer professioneller gearbeitet. Die Einheiten haben [&hellip;]<\/p>\n","protected":false},"author":8,"featured_media":0,"parent":0,"menu_order":0,"comment_status":"closed","ping_status":"closed","template":"","meta":{"_acf_changed":false,"footnotes":""},"class_list":["post-25955","page","type-page","status-publish","hentry"],"acf":[],"yoast_head":"<!-- This site is optimized with the Yoast SEO plugin v26.2 - https:\/\/yoast.com\/wordpress\/plugins\/seo\/ -->\n<title>zone14 Fallstudien | zone14<\/title>\n<meta name=\"robots\" content=\"noindex, follow\" \/>\n<meta property=\"og:locale\" content=\"en_US\" \/>\n<meta property=\"og:type\" content=\"article\" \/>\n<meta property=\"og:title\" content=\"zone14 Fallstudien | zone14\" \/>\n<meta property=\"og:description\" content=\"Erfolgsgeschichten Fu\u00dfballvereine auf allen Ebenen nutzen zone14 Es freut mich sehr, dass zone14 unsere Trainingspl\u00e4tze in H\u00fctteldorf und im zweiten Wiener Gemeindebezirk mit innovativen Kamerasystemen ausstattet. Das ist ein wichtiger Schritt und hilft uns, unsere Videoanalyse noch effizienter zu gestalten. Steffen HofmannSK Rapid &#8211; Gesch\u00e4ftsf\u00fchrer Mittlerweile wird im Amateurbereich immer professioneller gearbeitet. Die Einheiten haben [&hellip;]\" \/>\n<meta property=\"og:url\" content=\"https:\/\/zone14.ai\/en\/case-studies\/\" \/>\n<meta property=\"og:site_name\" content=\"zone14\" \/>\n<meta property=\"article:publisher\" content=\"https:\/\/www.facebook.com\/zone14.net\/\" \/>\n<meta property=\"article:modified_time\" content=\"2026-03-30T11:33:00+00:00\" \/>\n<meta property=\"og:image\" content=\"https:\/\/zone14.ai\/wp-content\/uploads\/2024\/10\/asset-dacfc54b4ca0ee012a1f.jpg\" \/>\n<meta name=\"twitter:card\" content=\"summary_large_image\" \/>\n<meta name=\"twitter:site\" content=\"@zone14_ai\" \/>\n<meta name=\"twitter:label1\" content=\"Est. reading time\" \/>\n\t<meta name=\"twitter:data1\" content=\"5 minutes\" \/>\n<script type=\"application\/ld+json\" class=\"yoast-schema-graph\">{\"@context\":\"https:\/\/schema.org\",\"@graph\":[{\"@type\":\"WebPage\",\"@id\":\"https:\/\/zone14.ai\/fallstudie\/\",\"url\":\"https:\/\/zone14.ai\/fallstudie\/\",\"name\":\"zone14 Fallstudien | zone14\",\"isPartOf\":{\"@id\":\"https:\/\/zone14.ai\/#website\"},\"primaryImageOfPage\":{\"@id\":\"https:\/\/zone14.ai\/fallstudie\/#primaryimage\"},\"image\":{\"@id\":\"https:\/\/zone14.ai\/fallstudie\/#primaryimage\"},\"thumbnailUrl\":\"https:\/\/zone14.ai\/wp-content\/uploads\/2024\/10\/asset-dacfc54b4ca0ee012a1f.jpg\",\"datePublished\":\"2026-03-30T11:29:03+00:00\",\"dateModified\":\"2026-03-30T11:33:00+00:00\",\"breadcrumb\":{\"@id\":\"https:\/\/zone14.ai\/fallstudie\/#breadcrumb\"},\"inLanguage\":\"en-US\",\"potentialAction\":[{\"@type\":\"ReadAction\",\"target\":[\"https:\/\/zone14.ai\/fallstudie\/\"]}]},{\"@type\":\"ImageObject\",\"inLanguage\":\"en-US\",\"@id\":\"https:\/\/zone14.ai\/fallstudie\/#primaryimage\",\"url\":\"https:\/\/zone14.ai\/wp-content\/uploads\/2024\/10\/asset-dacfc54b4ca0ee012a1f.jpg\",\"contentUrl\":\"https:\/\/zone14.ai\/wp-content\/uploads\/2024\/10\/asset-dacfc54b4ca0ee012a1f.jpg\"},{\"@type\":\"BreadcrumbList\",\"@id\":\"https:\/\/zone14.ai\/fallstudie\/#breadcrumb\",\"itemListElement\":[{\"@type\":\"ListItem\",\"position\":1,\"name\":\"Home\",\"item\":\"https:\/\/zone14.ai\/\"},{\"@type\":\"ListItem\",\"position\":2,\"name\":\"zone14 Fallstudien\"}]},{\"@type\":\"WebSite\",\"@id\":\"https:\/\/zone14.ai\/#website\",\"url\":\"https:\/\/zone14.ai\/\",\"name\":\"zone14\",\"description\":\"Aufnehmen, Streamen, Analysieren, Gewinnen\",\"publisher\":{\"@id\":\"https:\/\/zone14.ai\/#organization\"},\"potentialAction\":[{\"@type\":\"SearchAction\",\"target\":{\"@type\":\"EntryPoint\",\"urlTemplate\":\"https:\/\/zone14.ai\/?s={search_term_string}\"},\"query-input\":{\"@type\":\"PropertyValueSpecification\",\"valueRequired\":true,\"valueName\":\"search_term_string\"}}],\"inLanguage\":\"en-US\"},{\"@type\":\"Organization\",\"@id\":\"https:\/\/zone14.ai\/#organization\",\"name\":\"zone14\",\"url\":\"https:\/\/zone14.ai\/\",\"logo\":{\"@type\":\"ImageObject\",\"inLanguage\":\"en-US\",\"@id\":\"https:\/\/zone14.ai\/#\/schema\/logo\/image\/\",\"url\":\"https:\/\/zone14.ai\/wp-content\/uploads\/2024\/11\/z14-logo-new-1.png\",\"contentUrl\":\"https:\/\/zone14.ai\/wp-content\/uploads\/2024\/11\/z14-logo-new-1.png\",\"width\":1080,\"height\":1080,\"caption\":\"zone14\"},\"image\":{\"@id\":\"https:\/\/zone14.ai\/#\/schema\/logo\/image\/\"},\"sameAs\":[\"https:\/\/www.facebook.com\/zone14.net\/\",\"https:\/\/x.com\/zone14_ai\"]}]}<\/script>\n<!-- \/ Yoast SEO plugin. -->","yoast_head_json":{"title":"zone14 Fallstudien | zone14","robots":{"index":"noindex","follow":"follow"},"og_locale":"en_US","og_type":"article","og_title":"zone14 Fallstudien | zone14","og_description":"Erfolgsgeschichten Fu\u00dfballvereine auf allen Ebenen nutzen zone14 Es freut mich sehr, dass zone14 unsere Trainingspl\u00e4tze in H\u00fctteldorf und im zweiten Wiener Gemeindebezirk mit innovativen Kamerasystemen ausstattet. Das ist ein wichtiger Schritt und hilft uns, unsere Videoanalyse noch effizienter zu gestalten. Steffen HofmannSK Rapid &#8211; Gesch\u00e4ftsf\u00fchrer Mittlerweile wird im Amateurbereich immer professioneller gearbeitet. Die Einheiten haben [&hellip;]","og_url":"https:\/\/zone14.ai\/en\/case-studies\/","og_site_name":"zone14","article_publisher":"https:\/\/www.facebook.com\/zone14.net\/","article_modified_time":"2026-03-30T11:33:00+00:00","og_image":[{"url":"https:\/\/zone14.ai\/wp-content\/uploads\/2024\/10\/asset-dacfc54b4ca0ee012a1f.jpg","type":"","width":"","height":""}],"twitter_card":"summary_large_image","twitter_site":"@zone14_ai","twitter_misc":{"Est. reading time":"5 minutes"},"schema":{"@context":"https:\/\/schema.org","@graph":[{"@type":"WebPage","@id":"https:\/\/zone14.ai\/fallstudie\/","url":"https:\/\/zone14.ai\/fallstudie\/","name":"zone14 Fallstudien | zone14","isPartOf":{"@id":"https:\/\/zone14.ai\/#website"},"primaryImageOfPage":{"@id":"https:\/\/zone14.ai\/fallstudie\/#primaryimage"},"image":{"@id":"https:\/\/zone14.ai\/fallstudie\/#primaryimage"},"thumbnailUrl":"https:\/\/zone14.ai\/wp-content\/uploads\/2024\/10\/asset-dacfc54b4ca0ee012a1f.jpg","datePublished":"2026-03-30T11:29:03+00:00","dateModified":"2026-03-30T11:33:00+00:00","breadcrumb":{"@id":"https:\/\/zone14.ai\/fallstudie\/#breadcrumb"},"inLanguage":"en-US","potentialAction":[{"@type":"ReadAction","target":["https:\/\/zone14.ai\/fallstudie\/"]}]},{"@type":"ImageObject","inLanguage":"en-US","@id":"https:\/\/zone14.ai\/fallstudie\/#primaryimage","url":"https:\/\/zone14.ai\/wp-content\/uploads\/2024\/10\/asset-dacfc54b4ca0ee012a1f.jpg","contentUrl":"https:\/\/zone14.ai\/wp-content\/uploads\/2024\/10\/asset-dacfc54b4ca0ee012a1f.jpg"},{"@type":"BreadcrumbList","@id":"https:\/\/zone14.ai\/fallstudie\/#breadcrumb","itemListElement":[{"@type":"ListItem","position":1,"name":"Home","item":"https:\/\/zone14.ai\/"},{"@type":"ListItem","position":2,"name":"zone14 Fallstudien"}]},{"@type":"WebSite","@id":"https:\/\/zone14.ai\/#website","url":"https:\/\/zone14.ai\/","name":"zone14","description":"Record, Stream, Analyse, Win","publisher":{"@id":"https:\/\/zone14.ai\/#organization"},"potentialAction":[{"@type":"SearchAction","target":{"@type":"EntryPoint","urlTemplate":"https:\/\/zone14.ai\/?s={search_term_string}"},"query-input":{"@type":"PropertyValueSpecification","valueRequired":true,"valueName":"search_term_string"}}],"inLanguage":"en-US"},{"@type":"Organization","@id":"https:\/\/zone14.ai\/#organization","name":"zone14","url":"https:\/\/zone14.ai\/","logo":{"@type":"ImageObject","inLanguage":"en-US","@id":"https:\/\/zone14.ai\/#\/schema\/logo\/image\/","url":"https:\/\/zone14.ai\/wp-content\/uploads\/2024\/11\/z14-logo-new-1.png","contentUrl":"https:\/\/zone14.ai\/wp-content\/uploads\/2024\/11\/z14-logo-new-1.png","width":1080,"height":1080,"caption":"zone14"},"image":{"@id":"https:\/\/zone14.ai\/#\/schema\/logo\/image\/"},"sameAs":["https:\/\/www.facebook.com\/zone14.net\/","https:\/\/x.com\/zone14_ai"]}]}},"_links":{"self":[{"href":"https:\/\/zone14.ai\/en\/wp-json\/wp\/v2\/pages\/25955","targetHints":{"allow":["GET"]}}],"collection":[{"href":"https:\/\/zone14.ai\/en\/wp-json\/wp\/v2\/pages"}],"about":[{"href":"https:\/\/zone14.ai\/en\/wp-json\/wp\/v2\/types\/page"}],"author":[{"embeddable":true,"href":"https:\/\/zone14.ai\/en\/wp-json\/wp\/v2\/users\/8"}],"replies":[{"embeddable":true,"href":"https:\/\/zone14.ai\/en\/wp-json\/wp\/v2\/comments?post=25955"}],"version-history":[{"count":4,"href":"https:\/\/zone14.ai\/en\/wp-json\/wp\/v2\/pages\/25955\/revisions"}],"predecessor-version":[{"id":25962,"href":"https:\/\/zone14.ai\/en\/wp-json\/wp\/v2\/pages\/25955\/revisions\/25962"}],"wp:attachment":[{"href":"https:\/\/zone14.ai\/en\/wp-json\/wp\/v2\/media?parent=25955"}],"curies":[{"name":"wp","href":"https:\/\/api.w.org\/{rel}","templated":true}]}}