{"id":1718,"date":"2021-09-23T09:31:40","date_gmt":"2021-09-23T07:31:40","guid":{"rendered":"https:\/\/zone14.ai\/?page_id=1718"},"modified":"2024-04-23T14:49:53","modified_gmt":"2024-04-23T12:49:53","slug":"impressum-2","status":"publish","type":"page","link":"https:\/\/zone14.ai\/en\/impressum-2\/","title":{"rendered":"Imprint"},"content":{"rendered":"<div data-elementor-type=\"wp-page\" data-elementor-id=\"1718\" class=\"elementor elementor-1718\" data-elementor-post-type=\"page\">\n\t\t\t\t\t\t<section class=\"elementor-section elementor-top-section elementor-element elementor-element-bf127b2 elementor-section-boxed elementor-section-height-default elementor-section-height-default\" data-id=\"bf127b2\" data-element_type=\"section\">\n\t\t\t\t\t\t<div class=\"elementor-container elementor-column-gap-default\">\n\t\t\t\t\t<div class=\"elementor-column elementor-col-100 elementor-top-column elementor-element elementor-element-88ad9c8\" data-id=\"88ad9c8\" data-element_type=\"column\">\n\t\t\t<div class=\"elementor-widget-wrap elementor-element-populated\">\n\t\t\t\t\t\t<div class=\"elementor-element elementor-element-3d03021 elementor-widget elementor-widget-text-editor\" data-id=\"3d03021\" data-element_type=\"widget\" data-widget_type=\"text-editor.default\">\n\t\t\t\t<div class=\"elementor-widget-container\">\n\t\t\t\t\t\t\t\t\t<p><strong>Imprint<\/strong><\/p><p><span style=\"font-weight: 400;\">zone14 GmbH<\/span><\/p><p><span style=\"font-weight: 400;\">IT Dienstleister, Unternehmensberatung und Handel<\/span><\/p><p><span style=\"font-weight: 400;\"><strong>UID<\/strong> ATU77301812<\/span><\/p><p><span style=\"font-weight: 400;\"><strong>FN<\/strong> 562823 g<\/span><\/p><p><span style=\"font-weight: 400;\"><strong>FB-Gericht<\/strong>: Wien<\/span><\/p><p><span style=\"font-weight: 400;\"><strong>Firmensitz<\/strong>:\u00a0<\/span><\/p><p><span style=\"font-weight: 400;\">1200 Wien<\/span><\/p><p>Meldemannstra\u00dfe 18\u00a0<span style=\"font-weight: 400;\">\u00a0| Austria<\/span><\/p><p><span style=\"font-weight: 400;\"><strong>Tel<\/strong>: +43 699 19531651<\/span><\/p><p><span style=\"font-weight: 400;\"><strong>E-mail<\/strong>: <\/span><a href=\"mailto:hello@zone14.net\"><span style=\"font-weight: 400;\">hello@zone14.ai<\/span><\/a><\/p><p><span style=\"font-weight: 400;\">Wirtschaftskammer Wien,<\/span><\/p><p><span style=\"font-weight: 400;\">Gesch\u00e4ftsf\u00fchrer:\u00a0<\/span><\/p><p><span style=\"font-weight: 400;\">Simon Schmiderer, MSc.\u00a0<\/span><\/p><p><span style=\"font-weight: 400;\">DI Lukas Gr\u00f6mer<\/span><\/p><p><span style=\"font-weight: 400;\">Informationen gem\u00e4\u00df ECG:<\/span><\/p><p><img decoding=\"async\" class=\"aligncenter\" src=\"https:\/\/zone14.ai\/wp-content\/uploads\/2021\/09\/ecg_wko.jpg\" alt=\"\" width=\"207\" height=\"34\" \/><\/p>\t\t\t\t\t\t\t\t<\/div>\n\t\t\t\t<\/div>\n\t\t\t\t\t<\/div>\n\t\t<\/div>\n\t\t\t\t\t<\/div>\n\t\t<\/section>\n\t\t\t\t<\/div>","protected":false},"excerpt":{"rendered":"<p>Impressum zone14 GmbH IT Dienstleister, Unternehmensberatung und Handel UID ATU77301812 FN 562823 g FB-Gericht: Wien Firmensitz: 1200 Wien Meldemannstra\u00dfe 18\u00a0\u00a0| Austria Tel: +43 699 19531651 E-mail: hello@zone14.net Wirtschaftskammer Wien, Gesch\u00e4ftsf\u00fchrer: Simon Schmiderer, MSc. DI Lukas Gr\u00f6mer Informationen gem\u00e4\u00df ECG:<\/p>","protected":false},"author":6,"featured_media":0,"parent":0,"menu_order":0,"comment_status":"closed","ping_status":"closed","template":"","meta":{"_acf_changed":false,"footnotes":""},"class_list":["post-1718","page","type-page","status-publish","hentry"],"acf":[],"yoast_head":"<!-- This site is optimized with the Yoast SEO plugin v26.2 - https:\/\/yoast.com\/wordpress\/plugins\/seo\/ -->\n<title>Impressum | zone14<\/title>\n<meta name=\"description\" content=\"Impressum zone14 GmbH, 1200 Wien, Meldemannstra\u00dfe 18 | Austria\" \/>\n<meta name=\"robots\" content=\"index, follow, max-snippet:-1, max-image-preview:large, max-video-preview:-1\" \/>\n<link rel=\"canonical\" href=\"https:\/\/zone14.ai\/en\/impressum-2\/\" \/>\n<meta property=\"og:locale\" content=\"en_US\" \/>\n<meta property=\"og:type\" content=\"article\" \/>\n<meta property=\"og:title\" content=\"Impressum | zone14\" \/>\n<meta property=\"og:description\" content=\"Impressum zone14 GmbH, 1200 Wien, Meldemannstra\u00dfe 18 | Austria\" \/>\n<meta property=\"og:url\" content=\"https:\/\/zone14.ai\/en\/impressum-2\/\" \/>\n<meta property=\"og:site_name\" content=\"zone14\" \/>\n<meta property=\"article:publisher\" content=\"https:\/\/www.facebook.com\/zone14.net\/\" \/>\n<meta property=\"article:modified_time\" content=\"2024-04-23T12:49:53+00:00\" \/>\n<meta property=\"og:image\" content=\"https:\/\/zone14.ai\/wp-content\/uploads\/2021\/09\/ecg_wko.jpg\" \/>\n<meta name=\"twitter:card\" content=\"summary_large_image\" \/>\n<meta name=\"twitter:site\" content=\"@zone14_ai\" \/>\n<meta name=\"twitter:label1\" content=\"Est. reading time\" \/>\n\t<meta name=\"twitter:data1\" content=\"1 minute\" \/>\n<script type=\"application\/ld+json\" class=\"yoast-schema-graph\">{\"@context\":\"https:\/\/schema.org\",\"@graph\":[{\"@type\":\"WebPage\",\"@id\":\"https:\/\/zone14.ai\/impressum-2\/\",\"url\":\"https:\/\/zone14.ai\/impressum-2\/\",\"name\":\"Impressum | zone14\",\"isPartOf\":{\"@id\":\"https:\/\/zone14.ai\/#website\"},\"primaryImageOfPage\":{\"@id\":\"https:\/\/zone14.ai\/impressum-2\/#primaryimage\"},\"image\":{\"@id\":\"https:\/\/zone14.ai\/impressum-2\/#primaryimage\"},\"thumbnailUrl\":\"https:\/\/zone14.ai\/wp-content\/uploads\/2021\/09\/ecg_wko.jpg\",\"datePublished\":\"2021-09-23T07:31:40+00:00\",\"dateModified\":\"2024-04-23T12:49:53+00:00\",\"description\":\"Impressum zone14 GmbH, 1200 Wien, Meldemannstra\u00dfe 18 | Austria\",\"breadcrumb\":{\"@id\":\"https:\/\/zone14.ai\/impressum-2\/#breadcrumb\"},\"inLanguage\":\"en-US\",\"potentialAction\":[{\"@type\":\"ReadAction\",\"target\":[\"https:\/\/zone14.ai\/impressum-2\/\"]}]},{\"@type\":\"ImageObject\",\"inLanguage\":\"en-US\",\"@id\":\"https:\/\/zone14.ai\/impressum-2\/#primaryimage\",\"url\":\"https:\/\/zone14.ai\/wp-content\/uploads\/2021\/09\/ecg_wko.jpg\",\"contentUrl\":\"https:\/\/zone14.ai\/wp-content\/uploads\/2021\/09\/ecg_wko.jpg\"},{\"@type\":\"BreadcrumbList\",\"@id\":\"https:\/\/zone14.ai\/impressum-2\/#breadcrumb\",\"itemListElement\":[{\"@type\":\"ListItem\",\"position\":1,\"name\":\"Home\",\"item\":\"https:\/\/zone14.ai\/\"},{\"@type\":\"ListItem\",\"position\":2,\"name\":\"Impressum\"}]},{\"@type\":\"WebSite\",\"@id\":\"https:\/\/zone14.ai\/#website\",\"url\":\"https:\/\/zone14.ai\/\",\"name\":\"zone14\",\"description\":\"Aufnehmen, Streamen, Analysieren, Gewinnen\",\"publisher\":{\"@id\":\"https:\/\/zone14.ai\/#organization\"},\"potentialAction\":[{\"@type\":\"SearchAction\",\"target\":{\"@type\":\"EntryPoint\",\"urlTemplate\":\"https:\/\/zone14.ai\/?s={search_term_string}\"},\"query-input\":{\"@type\":\"PropertyValueSpecification\",\"valueRequired\":true,\"valueName\":\"search_term_string\"}}],\"inLanguage\":\"en-US\"},{\"@type\":\"Organization\",\"@id\":\"https:\/\/zone14.ai\/#organization\",\"name\":\"zone14\",\"url\":\"https:\/\/zone14.ai\/\",\"logo\":{\"@type\":\"ImageObject\",\"inLanguage\":\"en-US\",\"@id\":\"https:\/\/zone14.ai\/#\/schema\/logo\/image\/\",\"url\":\"https:\/\/zone14.ai\/wp-content\/uploads\/2024\/11\/z14-logo-new-1.png\",\"contentUrl\":\"https:\/\/zone14.ai\/wp-content\/uploads\/2024\/11\/z14-logo-new-1.png\",\"width\":1080,\"height\":1080,\"caption\":\"zone14\"},\"image\":{\"@id\":\"https:\/\/zone14.ai\/#\/schema\/logo\/image\/\"},\"sameAs\":[\"https:\/\/www.facebook.com\/zone14.net\/\",\"https:\/\/x.com\/zone14_ai\"]}]}<\/script>\n<!-- \/ Yoast SEO plugin. -->","yoast_head_json":{"title":"Impressum | zone14","description":"Impressum zone14 GmbH, 1200 Wien, Meldemannstra\u00dfe 18 | Austria","robots":{"index":"index","follow":"follow","max-snippet":"max-snippet:-1","max-image-preview":"max-image-preview:large","max-video-preview":"max-video-preview:-1"},"canonical":"https:\/\/zone14.ai\/en\/impressum-2\/","og_locale":"en_US","og_type":"article","og_title":"Impressum | zone14","og_description":"Impressum zone14 GmbH, 1200 Wien, Meldemannstra\u00dfe 18 | Austria","og_url":"https:\/\/zone14.ai\/en\/impressum-2\/","og_site_name":"zone14","article_publisher":"https:\/\/www.facebook.com\/zone14.net\/","article_modified_time":"2024-04-23T12:49:53+00:00","og_image":[{"url":"https:\/\/zone14.ai\/wp-content\/uploads\/2021\/09\/ecg_wko.jpg","type":"","width":"","height":""}],"twitter_card":"summary_large_image","twitter_site":"@zone14_ai","twitter_misc":{"Est. reading time":"1 minute"},"schema":{"@context":"https:\/\/schema.org","@graph":[{"@type":"WebPage","@id":"https:\/\/zone14.ai\/impressum-2\/","url":"https:\/\/zone14.ai\/impressum-2\/","name":"Impressum | zone14","isPartOf":{"@id":"https:\/\/zone14.ai\/#website"},"primaryImageOfPage":{"@id":"https:\/\/zone14.ai\/impressum-2\/#primaryimage"},"image":{"@id":"https:\/\/zone14.ai\/impressum-2\/#primaryimage"},"thumbnailUrl":"https:\/\/zone14.ai\/wp-content\/uploads\/2021\/09\/ecg_wko.jpg","datePublished":"2021-09-23T07:31:40+00:00","dateModified":"2024-04-23T12:49:53+00:00","description":"Impressum zone14 GmbH, 1200 Wien, Meldemannstra\u00dfe 18 | Austria","breadcrumb":{"@id":"https:\/\/zone14.ai\/impressum-2\/#breadcrumb"},"inLanguage":"en-US","potentialAction":[{"@type":"ReadAction","target":["https:\/\/zone14.ai\/impressum-2\/"]}]},{"@type":"ImageObject","inLanguage":"en-US","@id":"https:\/\/zone14.ai\/impressum-2\/#primaryimage","url":"https:\/\/zone14.ai\/wp-content\/uploads\/2021\/09\/ecg_wko.jpg","contentUrl":"https:\/\/zone14.ai\/wp-content\/uploads\/2021\/09\/ecg_wko.jpg"},{"@type":"BreadcrumbList","@id":"https:\/\/zone14.ai\/impressum-2\/#breadcrumb","itemListElement":[{"@type":"ListItem","position":1,"name":"Home","item":"https:\/\/zone14.ai\/"},{"@type":"ListItem","position":2,"name":"Impressum"}]},{"@type":"WebSite","@id":"https:\/\/zone14.ai\/#website","url":"https:\/\/zone14.ai\/","name":"zone14","description":"Record, Stream, Analyse, Win","publisher":{"@id":"https:\/\/zone14.ai\/#organization"},"potentialAction":[{"@type":"SearchAction","target":{"@type":"EntryPoint","urlTemplate":"https:\/\/zone14.ai\/?s={search_term_string}"},"query-input":{"@type":"PropertyValueSpecification","valueRequired":true,"valueName":"search_term_string"}}],"inLanguage":"en-US"},{"@type":"Organization","@id":"https:\/\/zone14.ai\/#organization","name":"zone14","url":"https:\/\/zone14.ai\/","logo":{"@type":"ImageObject","inLanguage":"en-US","@id":"https:\/\/zone14.ai\/#\/schema\/logo\/image\/","url":"https:\/\/zone14.ai\/wp-content\/uploads\/2024\/11\/z14-logo-new-1.png","contentUrl":"https:\/\/zone14.ai\/wp-content\/uploads\/2024\/11\/z14-logo-new-1.png","width":1080,"height":1080,"caption":"zone14"},"image":{"@id":"https:\/\/zone14.ai\/#\/schema\/logo\/image\/"},"sameAs":["https:\/\/www.facebook.com\/zone14.net\/","https:\/\/x.com\/zone14_ai"]}]}},"_links":{"self":[{"href":"https:\/\/zone14.ai\/en\/wp-json\/wp\/v2\/pages\/1718","targetHints":{"allow":["GET"]}}],"collection":[{"href":"https:\/\/zone14.ai\/en\/wp-json\/wp\/v2\/pages"}],"about":[{"href":"https:\/\/zone14.ai\/en\/wp-json\/wp\/v2\/types\/page"}],"author":[{"embeddable":true,"href":"https:\/\/zone14.ai\/en\/wp-json\/wp\/v2\/users\/6"}],"replies":[{"embeddable":true,"href":"https:\/\/zone14.ai\/en\/wp-json\/wp\/v2\/comments?post=1718"}],"version-history":[{"count":0,"href":"https:\/\/zone14.ai\/en\/wp-json\/wp\/v2\/pages\/1718\/revisions"}],"wp:attachment":[{"href":"https:\/\/zone14.ai\/en\/wp-json\/wp\/v2\/media?parent=1718"}],"curies":[{"name":"wp","href":"https:\/\/api.w.org\/{rel}","templated":true}]}}