{"id":14926,"date":"2024-06-04T13:31:14","date_gmt":"2024-06-04T11:31:14","guid":{"rendered":"https:\/\/zone14.ai\/?page_id=14926"},"modified":"2026-03-17T09:00:48","modified_gmt":"2026-03-17T08:00:48","slug":"ideas-and-suggestions","status":"publish","type":"page","link":"https:\/\/zone14.ai\/en\/ideen-und-vorschlage\/","title":{"rendered":"Suggestions and Ideas"},"content":{"rendered":"\t\t<div data-elementor-type=\"wp-page\" data-elementor-id=\"14926\" class=\"elementor elementor-14926\" data-elementor-post-type=\"page\">\n\t\t\t\t\t\t<section class=\"elementor-section elementor-top-section elementor-element elementor-element-6248d0f elementor-section-boxed elementor-section-height-default elementor-section-height-default\" data-id=\"6248d0f\" data-element_type=\"section\" id=\"ideas\" data-settings=\"{&quot;background_background&quot;:&quot;classic&quot;}\">\n\t\t\t\t\t\t\t<div class=\"elementor-background-overlay\"><\/div>\n\t\t\t\t\t\t\t<div class=\"elementor-container elementor-column-gap-default\">\n\t\t\t\t\t<div class=\"elementor-column elementor-col-100 elementor-top-column elementor-element elementor-element-0c47dd4\" data-id=\"0c47dd4\" data-element_type=\"column\">\n\t\t\t<div class=\"elementor-widget-wrap elementor-element-populated\">\n\t\t\t\t\t\t<div class=\"elementor-element elementor-element-e34e80a elementor-widget elementor-widget-spacer\" data-id=\"e34e80a\" data-element_type=\"widget\" data-widget_type=\"spacer.default\">\n\t\t\t\t<div class=\"elementor-widget-container\">\n\t\t\t\t\t\t\t<div class=\"elementor-spacer\">\n\t\t\t<div class=\"elementor-spacer-inner\"><\/div>\n\t\t<\/div>\n\t\t\t\t\t\t<\/div>\n\t\t\t\t<\/div>\n\t\t\t\t<div class=\"elementor-element elementor-element-92820f4 elementor-widget elementor-widget-heading\" data-id=\"92820f4\" data-element_type=\"widget\" data-widget_type=\"heading.default\">\n\t\t\t\t<div class=\"elementor-widget-container\">\n\t\t\t\t\t<h1 class=\"elementor-heading-title elementor-size-default\">Vorschl\u00e4ge und Ideen<\/h1>\t\t\t\t<\/div>\n\t\t\t\t<\/div>\n\t\t\t\t<div class=\"elementor-element elementor-element-defe00a elementor-widget elementor-widget-text-editor\" data-id=\"defe00a\" data-element_type=\"widget\" data-widget_type=\"text-editor.default\">\n\t\t\t\t<div class=\"elementor-widget-container\">\n\t\t\t\t\t\t\t\t\t<p>Bitte sende uns hier alle Ideen und Vorschl\u00e4ge, die du zur Verbesserung der aktuellen zone14 REPLAY-Plattform hast. Wir werden alle Vorschl\u00e4ge bei der Planung zuk\u00fcnftiger Upgrades f\u00fcr unsere Plattform ber\u00fccksichtigen!<\/p>\t\t\t\t\t\t\t\t<\/div>\n\t\t\t\t<\/div>\n\t\t\t\t<div class=\"elementor-element elementor-element-ea4648f elementor-button-align-center elementor-widget__width-initial elementor-widget elementor-widget-form\" data-id=\"ea4648f\" data-element_type=\"widget\" data-settings=\"{&quot;step_next_label&quot;:&quot;Next&quot;,&quot;step_previous_label&quot;:&quot;Previous&quot;,&quot;button_width&quot;:&quot;100&quot;,&quot;step_type&quot;:&quot;number_text&quot;,&quot;step_icon_shape&quot;:&quot;circle&quot;}\" data-widget_type=\"form.default\">\n\t\t\t\t<div class=\"elementor-widget-container\">\n\t\t\t\t\t\t\t<form class=\"elementor-form\" method=\"post\" id=\"ideas_and_suggestions\" name=\"Suggestions &amp; Ideas\" aria-label=\"Suggestions &amp; Ideas\">\n\t\t\t<input type=\"hidden\" name=\"post_id\" value=\"14926\"\/>\n\t\t\t<input type=\"hidden\" name=\"form_id\" value=\"ea4648f\"\/>\n\t\t\t<input type=\"hidden\" name=\"referer_title\" value=\"zone14\" \/>\n\n\t\t\t\n\t\t\t<div class=\"elementor-form-fields-wrapper elementor-labels-\">\n\t\t\t\t\t\t\t\t<div class=\"elementor-field-type-text elementor-field-group elementor-column elementor-field-group-field_183a0c8 elementor-col-100\">\n\t\t\t\t\t\t\t\t\t\t\t\t<label for=\"form-field-field_183a0c8\" class=\"elementor-field-label elementor-screen-only\">\n\t\t\t\t\t\t\t\tVerein\t\t\t\t\t\t\t<\/label>\n\t\t\t\t\t\t\t\t\t\t\t\t\t\t<input size=\"1\" type=\"text\" name=\"form_fields[field_183a0c8]\" id=\"form-field-field_183a0c8\" class=\"elementor-field elementor-size-sm  elementor-field-textual\" placeholder=\"Veriensname...\">\n\t\t\t\t\t\t\t\t\t\t\t<\/div>\n\t\t\t\t\t\t\t\t<div class=\"elementor-field-type-text elementor-field-group elementor-column elementor-field-group-field_f71a882 elementor-col-100 elementor-field-required\">\n\t\t\t\t\t\t\t\t\t\t\t\t<label for=\"form-field-field_f71a882\" class=\"elementor-field-label elementor-screen-only\">\n\t\t\t\t\t\t\t\tTitle\t\t\t\t\t\t\t<\/label>\n\t\t\t\t\t\t\t\t\t\t\t\t\t\t<input size=\"1\" type=\"text\" name=\"form_fields[field_f71a882]\" id=\"form-field-field_f71a882\" class=\"elementor-field elementor-size-sm  elementor-field-textual\" placeholder=\"Titel...\" required=\"required\">\n\t\t\t\t\t\t\t\t\t\t\t<\/div>\n\t\t\t\t\t\t\t\t<div class=\"elementor-field-type-textarea elementor-field-group elementor-column elementor-field-group-message elementor-col-100\">\n\t\t\t\t\t\t\t\t\t\t\t\t<label for=\"form-field-message\" class=\"elementor-field-label elementor-screen-only\">\n\t\t\t\t\t\t\t\tMore details\t\t\t\t\t\t\t<\/label>\n\t\t\t\t\t\t<textarea class=\"elementor-field-textual elementor-field  elementor-size-sm\" name=\"form_fields[message]\" id=\"form-field-message\" rows=\"4\" placeholder=\"Weitere Details...\"><\/textarea>\t\t\t\t<\/div>\n\t\t\t\t\t\t\t\t<div class=\"elementor-field-type-recaptcha_v3 elementor-field-group elementor-column elementor-field-group-field_b537137 elementor-col-100 recaptcha_v3-inline\">\n\t\t\t\t\t<div class=\"elementor-field\" id=\"form-field-field_b537137\"><div class=\"elementor-g-recaptcha\" data-sitekey=\"6LcBkNYZAAAAAO7hXrhI0Qqc31nNx2IoZUmRxqgu\" data-type=\"v3\" data-action=\"Form\" data-badge=\"inline\" data-size=\"invisible\"><\/div><\/div>\t\t\t\t<\/div>\n\t\t\t\t\t\t\t\t<div class=\"elementor-field-type-hidden elementor-field-group elementor-column elementor-field-group-hs_cookie elementor-col-100\">\n\t\t\t\t\t\t\t\t\t\t\t\t\t<input size=\"1\" type=\"hidden\" name=\"form_fields[hs_cookie]\" id=\"form-field-hs_cookie\" class=\"elementor-field elementor-size-sm  elementor-field-textual\">\n\t\t\t\t\t\t\t\t\t\t\t<\/div>\n\t\t\t\t\t\t\t\t<div class=\"elementor-field-type-hidden elementor-field-group elementor-column elementor-field-group-ga_client_id elementor-col-100\">\n\t\t\t\t\t\t\t\t\t\t\t\t\t<input size=\"1\" type=\"hidden\" name=\"form_fields[ga_client_id]\" id=\"form-field-ga_client_id\" class=\"elementor-field elementor-size-sm  elementor-field-textual\">\n\t\t\t\t\t\t\t\t\t\t\t<\/div>\n\t\t\t\t\t\t\t\t<div class=\"elementor-field-type-hidden elementor-field-group elementor-column elementor-field-group-real_form_id elementor-col-100\">\n\t\t\t\t\t\t\t\t\t\t\t\t\t<input size=\"1\" type=\"hidden\" name=\"form_fields[real_form_id]\" id=\"form-field-real_form_id\" class=\"elementor-field elementor-size-sm  elementor-field-textual\">\n\t\t\t\t\t\t\t\t\t\t\t<\/div>\n\t\t\t\t\t\t\t\t<div class=\"elementor-field-group elementor-column elementor-field-type-submit elementor-col-100 e-form__buttons\">\n\t\t\t\t\t<button class=\"elementor-button elementor-size-sm\" type=\"submit\">\n\t\t\t\t\t\t<span class=\"elementor-button-content-wrapper\">\n\t\t\t\t\t\t\t\t\t\t\t\t\t\t\t\t\t\t\t\t\t\t<span class=\"elementor-button-text\">Vorschlag erstellen<\/span>\n\t\t\t\t\t\t\t\t\t\t\t\t\t<\/span>\n\t\t\t\t\t<\/button>\n\t\t\t\t<\/div>\n\t\t\t<\/div>\n\t\t<\/form>\n\t\t\t\t\t\t<\/div>\n\t\t\t\t<\/div>\n\t\t\t\t\t<\/div>\n\t\t<\/div>\n\t\t\t\t\t<\/div>\n\t\t<\/section>\n\t\t\t\t<\/div>\n\t\t","protected":false},"excerpt":{"rendered":"<p>Please submit any ideas and suggestions you have for improving the current zone14 REPLAY platform here. We will consider all submissions when planning future upgrades for our platform!<\/p>","protected":false},"author":8,"featured_media":11076,"parent":0,"menu_order":0,"comment_status":"closed","ping_status":"closed","template":"","meta":{"_acf_changed":false,"footnotes":""},"class_list":["post-14926","page","type-page","status-publish","has-post-thumbnail","hentry"],"acf":[],"yoast_head":"<!-- This site is optimized with the Yoast SEO plugin v26.2 - https:\/\/yoast.com\/wordpress\/plugins\/seo\/ -->\n<title>Ideen und Vorschl\u00e4ge<\/title>\n<meta name=\"description\" content=\"Bitte sende uns hier alle Ideen und Vorschl\u00e4ge, die du zur Verbesserung der aktuellen zone14 REPLAY-Plattform hast. Wir werden alle Vorschl\u00e4ge bei der Planung zuk\u00fcnftiger Upgrades f\u00fcr unsere Plattform ber\u00fccksichtigen!\" \/>\n<meta name=\"robots\" content=\"noindex, nofollow\" \/>\n<meta property=\"og:locale\" content=\"en_US\" \/>\n<meta property=\"og:type\" content=\"article\" \/>\n<meta property=\"og:title\" content=\"Ideen und Vorschl\u00e4ge\" \/>\n<meta property=\"og:description\" content=\"Bitte sende uns hier alle Ideen und Vorschl\u00e4ge, die du zur Verbesserung der aktuellen zone14 REPLAY-Plattform hast. Wir werden alle Vorschl\u00e4ge bei der Planung zuk\u00fcnftiger Upgrades f\u00fcr unsere Plattform ber\u00fccksichtigen!\" \/>\n<meta property=\"og:url\" content=\"https:\/\/zone14.ai\/en\/ideas-and-suggestions\/\" \/>\n<meta property=\"og:site_name\" content=\"zone14\" \/>\n<meta property=\"article:publisher\" content=\"https:\/\/www.facebook.com\/zone14.net\/\" \/>\n<meta property=\"article:modified_time\" content=\"2026-03-17T08:00:48+00:00\" \/>\n<meta property=\"og:image\" content=\"https:\/\/zone14.ai\/wp-content\/uploads\/2023\/10\/zone14-logo.png\" \/>\n\t<meta property=\"og:image:width\" content=\"224\" \/>\n\t<meta property=\"og:image:height\" content=\"224\" \/>\n\t<meta property=\"og:image:type\" content=\"image\/png\" \/>\n<meta name=\"twitter:card\" content=\"summary_large_image\" \/>\n<meta name=\"twitter:site\" content=\"@zone14_ai\" \/>\n<meta name=\"twitter:label1\" content=\"Est. reading time\" \/>\n\t<meta name=\"twitter:data1\" content=\"1 minute\" \/>\n<script type=\"application\/ld+json\" class=\"yoast-schema-graph\">{\"@context\":\"https:\/\/schema.org\",\"@graph\":[{\"@type\":\"WebPage\",\"@id\":\"https:\/\/zone14.ai\/ideen-und-vorschlage\/\",\"url\":\"https:\/\/zone14.ai\/ideen-und-vorschlage\/\",\"name\":\"Ideen und Vorschl\u00e4ge\",\"isPartOf\":{\"@id\":\"https:\/\/zone14.ai\/#website\"},\"primaryImageOfPage\":{\"@id\":\"https:\/\/zone14.ai\/ideen-und-vorschlage\/#primaryimage\"},\"image\":{\"@id\":\"https:\/\/zone14.ai\/ideen-und-vorschlage\/#primaryimage\"},\"thumbnailUrl\":\"https:\/\/zone14.ai\/wp-content\/uploads\/2023\/10\/zone14-logo.png\",\"datePublished\":\"2024-06-04T11:31:14+00:00\",\"dateModified\":\"2026-03-17T08:00:48+00:00\",\"description\":\"Bitte sende uns hier alle Ideen und Vorschl\u00e4ge, die du zur Verbesserung der aktuellen zone14 REPLAY-Plattform hast. Wir werden alle Vorschl\u00e4ge bei der Planung zuk\u00fcnftiger Upgrades f\u00fcr unsere Plattform ber\u00fccksichtigen!\",\"breadcrumb\":{\"@id\":\"https:\/\/zone14.ai\/ideen-und-vorschlage\/#breadcrumb\"},\"inLanguage\":\"en-US\",\"potentialAction\":[{\"@type\":\"ReadAction\",\"target\":[\"https:\/\/zone14.ai\/ideen-und-vorschlage\/\"]}]},{\"@type\":\"ImageObject\",\"inLanguage\":\"en-US\",\"@id\":\"https:\/\/zone14.ai\/ideen-und-vorschlage\/#primaryimage\",\"url\":\"https:\/\/zone14.ai\/wp-content\/uploads\/2023\/10\/zone14-logo.png\",\"contentUrl\":\"https:\/\/zone14.ai\/wp-content\/uploads\/2023\/10\/zone14-logo.png\",\"width\":224,\"height\":224},{\"@type\":\"BreadcrumbList\",\"@id\":\"https:\/\/zone14.ai\/ideen-und-vorschlage\/#breadcrumb\",\"itemListElement\":[{\"@type\":\"ListItem\",\"position\":1,\"name\":\"Home\",\"item\":\"https:\/\/zone14.ai\/\"},{\"@type\":\"ListItem\",\"position\":2,\"name\":\"Ideen und Vorschl\u00e4ge\"}]},{\"@type\":\"WebSite\",\"@id\":\"https:\/\/zone14.ai\/#website\",\"url\":\"https:\/\/zone14.ai\/\",\"name\":\"zone14\",\"description\":\"Aufnehmen, Streamen, Analysieren, Gewinnen\",\"publisher\":{\"@id\":\"https:\/\/zone14.ai\/#organization\"},\"potentialAction\":[{\"@type\":\"SearchAction\",\"target\":{\"@type\":\"EntryPoint\",\"urlTemplate\":\"https:\/\/zone14.ai\/?s={search_term_string}\"},\"query-input\":{\"@type\":\"PropertyValueSpecification\",\"valueRequired\":true,\"valueName\":\"search_term_string\"}}],\"inLanguage\":\"en-US\"},{\"@type\":\"Organization\",\"@id\":\"https:\/\/zone14.ai\/#organization\",\"name\":\"zone14\",\"url\":\"https:\/\/zone14.ai\/\",\"logo\":{\"@type\":\"ImageObject\",\"inLanguage\":\"en-US\",\"@id\":\"https:\/\/zone14.ai\/#\/schema\/logo\/image\/\",\"url\":\"https:\/\/zone14.ai\/wp-content\/uploads\/2024\/11\/z14-logo-new-1.png\",\"contentUrl\":\"https:\/\/zone14.ai\/wp-content\/uploads\/2024\/11\/z14-logo-new-1.png\",\"width\":1080,\"height\":1080,\"caption\":\"zone14\"},\"image\":{\"@id\":\"https:\/\/zone14.ai\/#\/schema\/logo\/image\/\"},\"sameAs\":[\"https:\/\/www.facebook.com\/zone14.net\/\",\"https:\/\/x.com\/zone14_ai\"]}]}<\/script>\n<!-- \/ Yoast SEO plugin. -->","yoast_head_json":{"title":"Suggestions and Ideas","description":"Please submit any ideas and suggestions you have for improving the current zone14 REPLAY platform here. We will consider all submissions when planning future upgrades for our platform!","robots":{"index":"noindex","follow":"nofollow"},"og_locale":"en_US","og_type":"article","og_title":"Ideen und Vorschl\u00e4ge","og_description":"Bitte sende uns hier alle Ideen und Vorschl\u00e4ge, die du zur Verbesserung der aktuellen zone14 REPLAY-Plattform hast. Wir werden alle Vorschl\u00e4ge bei der Planung zuk\u00fcnftiger Upgrades f\u00fcr unsere Plattform ber\u00fccksichtigen!","og_url":"https:\/\/zone14.ai\/en\/ideas-and-suggestions\/","og_site_name":"zone14","article_publisher":"https:\/\/www.facebook.com\/zone14.net\/","article_modified_time":"2026-03-17T08:00:48+00:00","og_image":[{"width":224,"height":224,"url":"https:\/\/zone14.ai\/wp-content\/uploads\/2023\/10\/zone14-logo.png","type":"image\/png"}],"twitter_card":"summary_large_image","twitter_site":"@zone14_ai","twitter_misc":{"Est. reading time":"1 minute"},"schema":{"@context":"https:\/\/schema.org","@graph":[{"@type":"WebPage","@id":"https:\/\/zone14.ai\/ideen-und-vorschlage\/","url":"https:\/\/zone14.ai\/ideen-und-vorschlage\/","name":"Suggestions and Ideas","isPartOf":{"@id":"https:\/\/zone14.ai\/#website"},"primaryImageOfPage":{"@id":"https:\/\/zone14.ai\/ideen-und-vorschlage\/#primaryimage"},"image":{"@id":"https:\/\/zone14.ai\/ideen-und-vorschlage\/#primaryimage"},"thumbnailUrl":"https:\/\/zone14.ai\/wp-content\/uploads\/2023\/10\/zone14-logo.png","datePublished":"2024-06-04T11:31:14+00:00","dateModified":"2026-03-17T08:00:48+00:00","description":"Please submit any ideas and suggestions you have for improving the current zone14 REPLAY platform here. We will consider all submissions when planning future upgrades for our platform!","breadcrumb":{"@id":"https:\/\/zone14.ai\/ideen-und-vorschlage\/#breadcrumb"},"inLanguage":"en-US","potentialAction":[{"@type":"ReadAction","target":["https:\/\/zone14.ai\/ideen-und-vorschlage\/"]}]},{"@type":"ImageObject","inLanguage":"en-US","@id":"https:\/\/zone14.ai\/ideen-und-vorschlage\/#primaryimage","url":"https:\/\/zone14.ai\/wp-content\/uploads\/2023\/10\/zone14-logo.png","contentUrl":"https:\/\/zone14.ai\/wp-content\/uploads\/2023\/10\/zone14-logo.png","width":224,"height":224},{"@type":"BreadcrumbList","@id":"https:\/\/zone14.ai\/ideen-und-vorschlage\/#breadcrumb","itemListElement":[{"@type":"ListItem","position":1,"name":"Home","item":"https:\/\/zone14.ai\/"},{"@type":"ListItem","position":2,"name":"Ideen und Vorschl\u00e4ge"}]},{"@type":"WebSite","@id":"https:\/\/zone14.ai\/#website","url":"https:\/\/zone14.ai\/","name":"zone14","description":"Record, Stream, Analyse, Win","publisher":{"@id":"https:\/\/zone14.ai\/#organization"},"potentialAction":[{"@type":"SearchAction","target":{"@type":"EntryPoint","urlTemplate":"https:\/\/zone14.ai\/?s={search_term_string}"},"query-input":{"@type":"PropertyValueSpecification","valueRequired":true,"valueName":"search_term_string"}}],"inLanguage":"en-US"},{"@type":"Organization","@id":"https:\/\/zone14.ai\/#organization","name":"zone14","url":"https:\/\/zone14.ai\/","logo":{"@type":"ImageObject","inLanguage":"en-US","@id":"https:\/\/zone14.ai\/#\/schema\/logo\/image\/","url":"https:\/\/zone14.ai\/wp-content\/uploads\/2024\/11\/z14-logo-new-1.png","contentUrl":"https:\/\/zone14.ai\/wp-content\/uploads\/2024\/11\/z14-logo-new-1.png","width":1080,"height":1080,"caption":"zone14"},"image":{"@id":"https:\/\/zone14.ai\/#\/schema\/logo\/image\/"},"sameAs":["https:\/\/www.facebook.com\/zone14.net\/","https:\/\/x.com\/zone14_ai"]}]}},"_links":{"self":[{"href":"https:\/\/zone14.ai\/en\/wp-json\/wp\/v2\/pages\/14926","targetHints":{"allow":["GET"]}}],"collection":[{"href":"https:\/\/zone14.ai\/en\/wp-json\/wp\/v2\/pages"}],"about":[{"href":"https:\/\/zone14.ai\/en\/wp-json\/wp\/v2\/types\/page"}],"author":[{"embeddable":true,"href":"https:\/\/zone14.ai\/en\/wp-json\/wp\/v2\/users\/8"}],"replies":[{"embeddable":true,"href":"https:\/\/zone14.ai\/en\/wp-json\/wp\/v2\/comments?post=14926"}],"version-history":[{"count":3,"href":"https:\/\/zone14.ai\/en\/wp-json\/wp\/v2\/pages\/14926\/revisions"}],"predecessor-version":[{"id":25691,"href":"https:\/\/zone14.ai\/en\/wp-json\/wp\/v2\/pages\/14926\/revisions\/25691"}],"wp:featuredmedia":[{"embeddable":true,"href":"https:\/\/zone14.ai\/en\/wp-json\/wp\/v2\/media\/11076"}],"wp:attachment":[{"href":"https:\/\/zone14.ai\/en\/wp-json\/wp\/v2\/media?parent=14926"}],"curies":[{"name":"wp","href":"https:\/\/api.w.org\/{rel}","templated":true}]}}